{"id":2277,"date":"2020-06-23T16:25:41","date_gmt":"2020-06-23T14:25:41","guid":{"rendered":"https:\/\/www.navalea.com\/?page_id=2277"},"modified":"2020-06-23T16:25:41","modified_gmt":"2020-06-23T14:25:41","slug":"widerrufsbelehrung","status":"publish","type":"page","link":"https:\/\/www.navalea.com\/en\/widerrufsbelehrung\/","title":{"rendered":"Widerrufsbelehrung"},"content":{"rendered":"<h1 style=\"text-align: center;\">Widerrufsbelehrung<\/h1>\n<p>&nbsp;<\/p>\n<p><strong>Widerrufsrecht f\u00fcr Verbraucher<\/strong><br \/>\n(Verbraucher ist jede nat\u00fcrliche Person, die ein Rechtsgesch\u00e4ft zu Zwecken abschlie\u00dft, die \u00fcberwiegend<br \/>\nweder ihrer gewerblichen noch ihrer selbstst\u00e4ndigen beruflichen T\u00e4tigkeit zugerechnet werden kann.)<\/p>\n<p><strong>Widerrufsbelehrung<\/strong><\/p>\n<p><strong>Widerrufsrecht<\/strong><br \/>\nSie haben das Recht, binnen vierzehn Tagen ohne Angabe von Gr\u00fcnden diesen Vertrag zu widerrufen.<br \/>\nDie Widerrufsfrist betr\u00e4gt vierzehn Tage ab dem Tag,<\/p>\n<ul>\n<li style=\"list-style-type: none;\">\n<ul>\n<li>an dem Sie oder ein von Ihnen benannter Dritter, der nicht der Bef\u00f6rderer ist, die Waren<br \/>\nin Besitz genommen haben bzw. hat, sofern Sie eine oder mehrere Waren im Rahmen einer einheitlichen<br \/>\nBestellung bestellt haben und diese einheitlich geliefert wird bzw. werden;<\/li>\n<\/ul>\n<\/li>\n<\/ul>\n<ul>\n<li style=\"list-style-type: none;\">\n<ul>\n<li>an dem Sie oder ein von Ihnen benannter Dritter, der nicht der Bef\u00f6rderer ist, die letzte Ware<br \/>\nin Besitz genommen haben bzw. hat, sofern Sie mehrere Waren im Rahmen einer einheitlichen Bestellung<br \/>\nbestellt haben und diese getrennt geliefert werden;<\/li>\n<\/ul>\n<\/li>\n<\/ul>\n<p>Um Ihr Widerrufsrecht auszu\u00fcben, m\u00fcssen Sie uns<br \/>\n<strong>(Navalea GbR, Postfach 190351, 50500 K\u00f6ln, E-Mail-Adresse: info@navalea.com) <\/strong>mittels einer<br \/>\neindeutigen Erkl\u00e4rung (z.B. ein mit der Post versandter Brief oder E-Mail) \u00fcber Ihren Entschluss,<br \/>\ndiesen Vertrag zu widerrufen, informieren. Sie k\u00f6nnen daf\u00fcr das beigef\u00fcgte<br \/>\n<span style=\"text-decoration: underline;\">Muster-Widerrufsformular<\/span> verwenden, das jedoch nicht vorgeschrieben ist.<\/p>\n<p>Zur Wahrung der Widerrufsfrist reicht es aus, dass Sie die Mitteilung \u00fcber die Aus\u00fcbung des Widerrufsrechts<br \/>\nvor Ablauf der Widerrufsfrist absenden.<\/p>\n<p><strong>Folgen des Widerrufs<\/strong><br \/>\nWenn Sie diesen Vertrag widerrufen, haben wir Ihnen alle Zahlungen, die wir von Ihnen erhalten haben,<br \/>\neinschlie\u00dflich der Lieferkosten (mit Ausnahme der zus\u00e4tzlichen Kosten, die sich daraus ergeben, dass<br \/>\nSie eine andere Art der Lieferung als die von uns angebotene, g\u00fcnstigste Standardlieferung gew\u00e4hlt haben),<br \/>\nunverz\u00fcglich und sp\u00e4testens binnen vierzehn Tagen ab dem Tag zur\u00fcckzuzahlen, an dem die Mitteilung \u00fcber<br \/>\nIhren Widerruf dieses Vertrags bei uns eingegangen ist. F\u00fcr diese R\u00fcckzahlung verwenden wir dasselbe<br \/>\nZahlungsmittel, das Sie bei der urspr\u00fcnglichen Transaktion eingesetzt haben,<br \/>\nes sei denn, mit Ihnen wurde ausdr\u00fccklich etwas anderes vereinbart; in keinem Fall werden Ihnen wegen dieser<br \/>\nR\u00fcckzahlung Entgelte berechnet.<\/p>\n<p>Wir k\u00f6nnen die R\u00fcckzahlung verweigern, bis wir die Waren wieder zur\u00fcckerhalten haben oder bis Sie den<br \/>\nNachweis erbracht haben, dass Sie die Waren zur\u00fcckgesandt haben, je nachdem, welches der fr\u00fchere Zeitpunkt ist.<\/p>\n<p>Sie haben die Waren unverz\u00fcglich und in jedem Fall sp\u00e4testens binnen vierzehn Tagen ab dem Tag, an dem Sie<br \/>\nuns \u00fcber den Widerruf dieses Vertrags unterrichten, an uns zur\u00fcckzusenden oder zu \u00fcbergeben. Die Frist ist<br \/>\ngewahrt, wenn Sie die Waren vor Ablauf der Frist von vierzehn Tagen absenden.<\/p>\n<p><strong>Sie tragen die unmittelbaren Kosten der R\u00fccksendung der Waren.<\/strong><\/p>\n<p>Sie m\u00fcssen f\u00fcr einen etwaigen Wertverlust der Waren nur aufkommen, wenn dieser Wertverlust auf einen<br \/>\nzur Pr\u00fcfung der Beschaffenheit, Eigenschaften und Funktionsweise der Waren nicht notwendigen Umgang<br \/>\nmit ihnen zur\u00fcckzuf\u00fchren ist.<\/p>\n<p><strong>Ausschluss- bzw. Erl\u00f6schensgr\u00fcnde<\/strong><\/p>\n<p>Das Widerrufsrecht besteht nicht bei Vertr\u00e4gen<\/p>\n<ul>\n<li style=\"list-style-type: none;\">\n<ul>\n<li>zur Lieferung von Waren, die nicht vorgefertigt sind und f\u00fcr deren Herstellung eine individuelle Auswahl<br \/>\noder Bestimmung durch den Verbraucher ma\u00dfgeblich ist oder die eindeutig auf die pers\u00f6nlichen<br \/>\nBed\u00fcrfnisse des Verbrauchers zugeschnitten sind;<\/li>\n<li>zur Lieferung von Waren, die schnell verderben k\u00f6nnen oder deren Verfallsdatum schnell \u00fcberschritten w\u00fcrde;<\/li>\n<li>zur Lieferung alkoholischer Getr\u00e4nke, deren Preis bei Vertragsschluss vereinbart wurde, die aber<br \/>\nfr\u00fchestens 30 Tage nach Vertragsschluss geliefert werden k\u00f6nnen und deren aktueller Wert von<br \/>\nSchwankungen auf dem Markt abh\u00e4ngt, auf die der Unternehmer keinen Einfluss hat;<\/li>\n<li>zur Lieferung von Zeitungen, Zeitschriften oder Illustrierten mit Ausnahme von Abonnement-Vertr\u00e4gen.<\/li>\n<\/ul>\n<\/li>\n<\/ul>\n<p>Das Widerrufsrecht erlischt vorzeitig bei Vertr\u00e4gen<\/p>\n<ul>\n<li style=\"list-style-type: none;\">\n<ul>\n<li>zur Lieferung versiegelter Waren, die aus Gr\u00fcnden des Gesundheitsschutzes oder der Hygiene nicht<br \/>\nzur R\u00fcckgabe geeignet sind, wenn ihre Versiegelung nach der Lieferung entfernt wurde;<\/li>\n<li>zur Lieferung von Waren, wenn diese nach der Lieferung aufgrund ihrer Beschaffenheit untrennbar<br \/>\nmit anderen G\u00fctern vermischt wurden;<\/li>\n<li>zur Lieferung von Ton- oder Videoaufnahmen oder Computersoftware in einer versiegelten Packung,<br \/>\nwenn die Versiegelung nach der Lieferung entfernt wurde.<\/li>\n<\/ul>\n<\/li>\n<\/ul>\n<p><strong>Muster-Widerrufsformular<\/strong><\/p>\n<p>(Wenn Sie den Vertrag widerrufen wollen, dann f\u00fcllen Sie bitte dieses Formular aus und senden Sie es zur\u00fcck.)<\/p>\n<p><strong>Navalea GbR, Postfach 190351, 50500 K\u00f6ln, E-Mail-Adresse: info@navalea.com<\/strong><\/p>\n<ul>\n<li style=\"list-style-type: none;\">\n<ul>\n<li>Hiermit widerrufe(n) ich\/wir (*) den von mir\/uns (*) abgeschlossenen<br \/>\nVertrag\u00a0 \u00fcber den Kauf der folgenden Waren (*)\/ die Erbringung der folgenden Dienstleistung (*)<\/li>\n<li>Bestellt am (*)\/ erhalten am (*)<\/li>\n<li>Name des\/ der Verbraucher(s)<\/li>\n<li>Anschrift des\/ der Verbraucher(s)<\/li>\n<li>Unterschrift des\/ der Verbraucher(s) (nur bei Mitteilung auf Papier)<\/li>\n<li>Datum<\/li>\n<\/ul>\n<\/li>\n<\/ul>\n<p>(*) Unzutreffendes streichen.<\/p>\n<p>&nbsp;<\/p>\n<p><strong>Stornierungen<\/strong><br \/>\nDu kannst deine Bestellung innerhalb von 15 Minuten nach Bestellungsabschluss stornieren. Die Stornierung<br \/>\nkannst du \u00fcber folgenden Wege in Auftrag geben:<\/p>\n<ul>\n<li style=\"list-style-type: none;\">\n<ul>\n<li>direkt nach dem Kauf im Check-Out Screen.<\/li>\n<li>die Best\u00e4tigungsmail nach der Bestellung.<\/li>\n<li>Dein Kundenkonto.<\/li>\n<\/ul>\n<\/li>\n<\/ul>\n<p><strong>R\u00fccksendung<\/strong><br \/>\nWenn es ein Problem mit deiner Bestellung gibt, kannst du diese gerne an uns zur\u00fcckschicken.<br \/>\nAu\u00dferdem kannst du innerhalb von 14 Tagen nach Erhalt von deinem gesetzlichen Widerrufsrecht Gebrauch<br \/>\nmachen und deine Bestellung an uns zur\u00fccksenden.<br \/>\nBitte beachte, dass daf\u00fcr alle Produkte vollst\u00e4ndig, unge\u00f6ffnet und originalverpackt sein m\u00fcssen. Waren,<br \/>\ndie bereits ge\u00f6ffnet sind, k\u00f6nnen wir aus lebensmittelrechtlichen Gr\u00fcnden nicht zur\u00fccknehmen.<\/p>\n<p>Die R\u00fccksendung kannst du bequem \u00fcber unser Onlineportal einreichen. Dort stehen dir folgende Begr\u00fcndungen<br \/>\nf\u00fcr deine R\u00fccksendung zur Verf\u00fcgung:<\/p>\n<ol>\n<li style=\"list-style-type: none;\">\n<ol>\n<li>Fehlende Teile<\/li>\n<li>Falschen Artikel erhalten<\/li>\n<li>Artikel zuviel<\/li>\n<li>Sendung besch\u00e4digt<\/li>\n<li>Falschen Artikel bestellt<\/li>\n<\/ol>\n<\/li>\n<\/ol>\n<p>Ist deine R\u00fccksendung auf eine der ersten 4 Gr\u00fcnde zur\u00fcckzuf\u00fchren, ist die R\u00fccksendung kostenlos.<br \/>\nAnderenfalls bitten wir dich, die Versandkosten f\u00fcr die R\u00fccksendung zu \u00fcbernehmen.<br \/>\nSolltest du aus irgendeinem anderen Grund Probleme mit deiner Bestellung haben, oder nicht zufrieden<br \/>\nsein, schreibe uns bitte eine Nachricht an info@navalea.com. Unsere Kundenbetreuer k\u00fcmmern sich dann<br \/>\ngerne um dein Anliegen.<\/p>\n","protected":false},"excerpt":{"rendered":"<p>Widerrufsbelehrung &nbsp; Widerrufsrecht f\u00fcr Verbraucher (Verbraucher ist jede nat\u00fcrliche Person, die ein Rechtsgesch\u00e4ft zu Zwecken abschlie\u00dft, die \u00fcberwiegend weder ihrer gewerblichen noch ihrer selbstst\u00e4ndigen beruflichen T\u00e4tigkeit zugerechnet werden kann.) Widerrufsbelehrung Widerrufsrecht Sie haben das Recht, binnen vierzehn Tagen ohne Angabe von Gr\u00fcnden diesen Vertrag zu widerrufen. Die Widerrufsfrist betr\u00e4gt vierzehn Tage ab dem Tag, an &hellip; <\/p>\n<p class=\"link-more\"><a href=\"https:\/\/www.navalea.com\/en\/widerrufsbelehrung\/\" class=\"more-link\">Continue reading<span class=\"screen-reader-text\"> &#8220;Widerrufsbelehrung&#8221;<\/span><\/a><\/p>\n","protected":false},"author":2,"featured_media":0,"parent":0,"menu_order":0,"comment_status":"closed","ping_status":"closed","template":"","meta":{"footnotes":""},"class_list":["post-2277","page","type-page","status-publish","hentry"],"acf":[],"yoast_head":"<!-- This site is optimized with the Yoast SEO plugin v21.5 - https:\/\/yoast.com\/wordpress\/plugins\/seo\/ -->\n<title>Widerrufsbelehrung - Navalea<\/title>\n<meta name=\"robots\" content=\"noindex, nofollow\" \/>\n<meta property=\"og:locale\" content=\"en_US\" \/>\n<meta property=\"og:type\" content=\"article\" \/>\n<meta property=\"og:title\" content=\"Widerrufsbelehrung - Navalea\" \/>\n<meta property=\"og:description\" content=\"Widerrufsbelehrung &nbsp; Widerrufsrecht f\u00fcr Verbraucher (Verbraucher ist jede nat\u00fcrliche Person, die ein Rechtsgesch\u00e4ft zu Zwecken abschlie\u00dft, die \u00fcberwiegend weder ihrer gewerblichen noch ihrer selbstst\u00e4ndigen beruflichen T\u00e4tigkeit zugerechnet werden kann.) Widerrufsbelehrung Widerrufsrecht Sie haben das Recht, binnen vierzehn Tagen ohne Angabe von Gr\u00fcnden diesen Vertrag zu widerrufen. Die Widerrufsfrist betr\u00e4gt vierzehn Tage ab dem Tag, an &hellip; Continue reading &quot;Widerrufsbelehrung&quot;\" \/>\n<meta property=\"og:url\" content=\"https:\/\/www.navalea.com\/en\/widerrufsbelehrung\/\" \/>\n<meta property=\"og:site_name\" content=\"Navalea\" \/>\n<meta property=\"article:publisher\" content=\"https:\/\/www.facebook.com\/NavaleaGreece\/\" \/>\n<meta name=\"twitter:card\" content=\"summary_large_image\" \/>\n<meta name=\"twitter:label1\" content=\"Est. reading time\" \/>\n\t<meta name=\"twitter:data1\" content=\"5 minutes\" \/>\n<script type=\"application\/ld+json\" class=\"yoast-schema-graph\">{\"@context\":\"https:\/\/schema.org\",\"@graph\":[{\"@type\":\"WebPage\",\"@id\":\"https:\/\/www.navalea.com\/en\/widerrufsbelehrung\/\",\"url\":\"https:\/\/www.navalea.com\/en\/widerrufsbelehrung\/\",\"name\":\"Widerrufsbelehrung - Navalea\",\"isPartOf\":{\"@id\":\"https:\/\/www.navalea.com\/#website\"},\"datePublished\":\"2020-06-23T14:25:41+00:00\",\"dateModified\":\"2020-06-23T14:25:41+00:00\",\"breadcrumb\":{\"@id\":\"https:\/\/www.navalea.com\/en\/widerrufsbelehrung\/#breadcrumb\"},\"inLanguage\":\"en-US\",\"potentialAction\":[{\"@type\":\"ReadAction\",\"target\":[\"https:\/\/www.navalea.com\/en\/widerrufsbelehrung\/\"]}]},{\"@type\":\"BreadcrumbList\",\"@id\":\"https:\/\/www.navalea.com\/en\/widerrufsbelehrung\/#breadcrumb\",\"itemListElement\":[{\"@type\":\"ListItem\",\"position\":1,\"name\":\"Home\",\"item\":\"https:\/\/www.navalea.com\/en\/\"},{\"@type\":\"ListItem\",\"position\":2,\"name\":\"Widerrufsbelehrung\"}]},{\"@type\":\"WebSite\",\"@id\":\"https:\/\/www.navalea.com\/#website\",\"url\":\"https:\/\/www.navalea.com\/\",\"name\":\"Navalea\",\"description\":\"\",\"publisher\":{\"@id\":\"https:\/\/www.navalea.com\/#organization\"},\"potentialAction\":[{\"@type\":\"SearchAction\",\"target\":{\"@type\":\"EntryPoint\",\"urlTemplate\":\"https:\/\/www.navalea.com\/?s={search_term_string}\"},\"query-input\":\"required name=search_term_string\"}],\"inLanguage\":\"en-US\"},{\"@type\":\"Organization\",\"@id\":\"https:\/\/www.navalea.com\/#organization\",\"name\":\"Navalea\",\"url\":\"https:\/\/www.navalea.com\/\",\"logo\":{\"@type\":\"ImageObject\",\"inLanguage\":\"en-US\",\"@id\":\"https:\/\/www.navalea.com\/#\/schema\/logo\/image\/\",\"url\":\"https:\/\/www.navalea.com\/wp-content\/uploads\/Navalea_logo.jpg\",\"contentUrl\":\"https:\/\/www.navalea.com\/wp-content\/uploads\/Navalea_logo.jpg\",\"width\":1345,\"height\":696,\"caption\":\"Navalea\"},\"image\":{\"@id\":\"https:\/\/www.navalea.com\/#\/schema\/logo\/image\/\"},\"sameAs\":[\"https:\/\/www.facebook.com\/NavaleaGreece\/\",\"https:\/\/www.instagram.com\/navalea_oliveoil\/\"]}]}<\/script>\n<!-- \/ Yoast SEO plugin. -->","yoast_head_json":{"title":"Widerrufsbelehrung - Navalea","robots":{"index":"noindex","follow":"nofollow"},"og_locale":"en_US","og_type":"article","og_title":"Widerrufsbelehrung - Navalea","og_description":"Widerrufsbelehrung &nbsp; Widerrufsrecht f\u00fcr Verbraucher (Verbraucher ist jede nat\u00fcrliche Person, die ein Rechtsgesch\u00e4ft zu Zwecken abschlie\u00dft, die \u00fcberwiegend weder ihrer gewerblichen noch ihrer selbstst\u00e4ndigen beruflichen T\u00e4tigkeit zugerechnet werden kann.) Widerrufsbelehrung Widerrufsrecht Sie haben das Recht, binnen vierzehn Tagen ohne Angabe von Gr\u00fcnden diesen Vertrag zu widerrufen. Die Widerrufsfrist betr\u00e4gt vierzehn Tage ab dem Tag, an &hellip; Continue reading \"Widerrufsbelehrung\"","og_url":"https:\/\/www.navalea.com\/en\/widerrufsbelehrung\/","og_site_name":"Navalea","article_publisher":"https:\/\/www.facebook.com\/NavaleaGreece\/","twitter_card":"summary_large_image","twitter_misc":{"Est. reading time":"5 minutes"},"schema":{"@context":"https:\/\/schema.org","@graph":[{"@type":"WebPage","@id":"https:\/\/www.navalea.com\/en\/widerrufsbelehrung\/","url":"https:\/\/www.navalea.com\/en\/widerrufsbelehrung\/","name":"Widerrufsbelehrung - Navalea","isPartOf":{"@id":"https:\/\/www.navalea.com\/#website"},"datePublished":"2020-06-23T14:25:41+00:00","dateModified":"2020-06-23T14:25:41+00:00","breadcrumb":{"@id":"https:\/\/www.navalea.com\/en\/widerrufsbelehrung\/#breadcrumb"},"inLanguage":"en-US","potentialAction":[{"@type":"ReadAction","target":["https:\/\/www.navalea.com\/en\/widerrufsbelehrung\/"]}]},{"@type":"BreadcrumbList","@id":"https:\/\/www.navalea.com\/en\/widerrufsbelehrung\/#breadcrumb","itemListElement":[{"@type":"ListItem","position":1,"name":"Home","item":"https:\/\/www.navalea.com\/en\/"},{"@type":"ListItem","position":2,"name":"Widerrufsbelehrung"}]},{"@type":"WebSite","@id":"https:\/\/www.navalea.com\/#website","url":"https:\/\/www.navalea.com\/","name":"Navalea","description":"","publisher":{"@id":"https:\/\/www.navalea.com\/#organization"},"potentialAction":[{"@type":"SearchAction","target":{"@type":"EntryPoint","urlTemplate":"https:\/\/www.navalea.com\/?s={search_term_string}"},"query-input":"required name=search_term_string"}],"inLanguage":"en-US"},{"@type":"Organization","@id":"https:\/\/www.navalea.com\/#organization","name":"Navalea","url":"https:\/\/www.navalea.com\/","logo":{"@type":"ImageObject","inLanguage":"en-US","@id":"https:\/\/www.navalea.com\/#\/schema\/logo\/image\/","url":"https:\/\/www.navalea.com\/wp-content\/uploads\/Navalea_logo.jpg","contentUrl":"https:\/\/www.navalea.com\/wp-content\/uploads\/Navalea_logo.jpg","width":1345,"height":696,"caption":"Navalea"},"image":{"@id":"https:\/\/www.navalea.com\/#\/schema\/logo\/image\/"},"sameAs":["https:\/\/www.facebook.com\/NavaleaGreece\/","https:\/\/www.instagram.com\/navalea_oliveoil\/"]}]}},"_links":{"self":[{"href":"https:\/\/www.navalea.com\/en\/wp-json\/wp\/v2\/pages\/2277","targetHints":{"allow":["GET"]}}],"collection":[{"href":"https:\/\/www.navalea.com\/en\/wp-json\/wp\/v2\/pages"}],"about":[{"href":"https:\/\/www.navalea.com\/en\/wp-json\/wp\/v2\/types\/page"}],"author":[{"embeddable":true,"href":"https:\/\/www.navalea.com\/en\/wp-json\/wp\/v2\/users\/2"}],"replies":[{"embeddable":true,"href":"https:\/\/www.navalea.com\/en\/wp-json\/wp\/v2\/comments?post=2277"}],"version-history":[{"count":1,"href":"https:\/\/www.navalea.com\/en\/wp-json\/wp\/v2\/pages\/2277\/revisions"}],"predecessor-version":[{"id":2279,"href":"https:\/\/www.navalea.com\/en\/wp-json\/wp\/v2\/pages\/2277\/revisions\/2279"}],"wp:attachment":[{"href":"https:\/\/www.navalea.com\/en\/wp-json\/wp\/v2\/media?parent=2277"}],"curies":[{"name":"wp","href":"https:\/\/api.w.org\/{rel}","templated":true}]}}