{"id":2280,"date":"2018-10-23T12:06:18","date_gmt":"2018-10-23T10:06:18","guid":{"rendered":"https:\/\/www.navalea.com\/zahlung-versand\/"},"modified":"2018-10-23T12:06:18","modified_gmt":"2018-10-23T10:06:18","slug":"zahlung-versand","status":"publish","type":"page","link":"https:\/\/www.navalea.com\/en\/zahlung-versand\/","title":{"rendered":"Zahlung &#038; Versand"},"content":{"rendered":"<h1 style=\"text-align: center;\">Zahlung &amp; Versand<\/h1>\n<p>&nbsp;<\/p>\n<p>Es gelten folgende Bedingungen:<\/p>\n<p><strong>Versandbedingungen<\/strong><\/p>\n<p>Die Lieferung erfolgt im Inland (Deutschland) und in die nachstehenden L\u00e4nder: \u00d6sterreich, Gro\u00dfbritannien.<\/p>\n<p>Der Versand auf deutsche Inseln erfolgt nach entsprechenden Versandkosten.<\/p>\n<p>Versandkosten (inklusive gesetzliche Mehrwertsteuer)<\/p>\n<p>Lieferungen im Inland (Deutschland):<br \/>\nZuz\u00fcglich zu den angegebenen Produktpreisen kommen noch Versandkosten hinzu.<br \/>\nN\u00e4heres zur H\u00f6he der Versandkosten erf\u00e4hrst Du bei den Angeboten. Pro Bestellung<br \/>\nberechnen wir pauschal Versandkosten von 4,90 Euro f\u00fcr die Lieferung innerhalb<br \/>\nDeutschlands. Ab einem Bestellwert von 90,00 Euro Euro entfallen die Versandkosten.<\/p>\n<p>&nbsp;<\/p>\n<p><strong>Lieferungen ins Ausland:<\/strong><\/p>\n<p>Belgien, Niederlande, \u00d6sterreich: 9,90 \u20ac<\/p>\n<p>Bei Lieferungen ins Ausland werden immer Versandkosten berechnet.<\/p>\n<p><strong>Du m\u00f6chtest Navalea in ein anderes Land bestellen? Dann kontaktiere uns gerne per Mail! <\/strong><a href=\"mailto:info@navalea.com\"><strong>info@navalea.com<\/strong><\/a><\/p>\n<p><strong>Lieferfristen<\/strong><\/p>\n<p>Soweit im jeweiligen Angebot keine andere Frist angegeben ist, erfolgt die Lieferung der Ware im Inland (Deutschland)<br \/>\ninnerhalb von 4-10 Tagen, bei Auslandslieferungen innerhalb von 5-12 Tagen nach Vertragsschluss<br \/>\n(bei vereinbarter Vorauszahlung nach dem Zeitpunkt Ihrer Zahlung).<br \/>\nBeachte bitte, dass an Sonn- und Feiertagen keine Zustellung erfolgt. Haast Du Artikel mit unterschiedlichen<br \/>\nLieferzeiten bestellt, versenden wir die Ware in einer gemeinsamen Sendung, sofern wir keine abweichenden Vereinbarungen<br \/>\nmit Dir getroffen haben. Die Lieferzeit bestimmt sich in diesem Fall nach dem Artikel mit der l\u00e4ngsten Lieferzeit<br \/>\nden Du bestellt hast.<\/p>\n<p><strong>Zahlungsbedingungen<\/strong><\/p>\n<p>Bei <strong>Lieferungen im Inland<\/strong> (Deutschland) hast Du folgende Zahlungsm\u00f6glichkeiten:<\/p>\n<p style=\"padding-left: 30px;\">&#8211; Zahlung per PayPal<br \/>\n&#8211; Zahlung per Vorkasse<br \/>\n&#8211; Zahlung per Sofort \u00dcberweisung\/Klarna<\/p>\n<p>Bei <strong>Lieferungen ins Ausland<\/strong> hast Du folgende Zahlungsm\u00f6glichkeiten:<\/p>\n<p style=\"padding-left: 30px;\">&#8211; Zahlung per PayPal<br \/>\n&#8211; Zahlung per Vorkasse<br \/>\n&#8211; Zahlung per Sofort \u00dcberweisung\/Klarna<\/p>\n<p>&nbsp;<\/p>\n<p><strong>Weitere Einzelheiten zur Zahlung<\/strong><\/p>\n<p><strong>Vorkasse per \u00dcberweisung<\/strong><br \/>\nNachdem Du Deine Bestellung abgeschickt hast, erh\u00e4ltst Du eine Best\u00e4tigung per Mail.<br \/>\nNeben allen anderen wichtigen Informationen, enth\u00e4lt diese auch unsere Bankverbindung:<\/p>\n<p style=\"padding-left: 60px;\">Konto: Navalea<br \/>\nCommerzbank | IBAN: DE87 3004 0000 0486 9244 00| BIC: COBADEFFXXX<\/p>\n<p>Bitte nenne als Verwendungszweck die angegebene <strong>Bestellnummer<\/strong>.<br \/>\nSobald wir Deine Zahlung verbuchen k\u00f6nnen, geben wir Deine Bestellung zur weiteren Bearbeitung frei.<\/p>\n<p>&nbsp;<\/p>\n<p><strong>PayPal<\/strong><br \/>\nDie Nutzung des PayPal-Zahlungsverfahrens setzt einen PayPal-Account voraus. Diesen kannst Du kostenlos bei PayPal anlegen und dann kinderleicht bezahlen. W\u00e4hlst du bei der Bestellung in unseren Shop PayPal als Zahlungsart, wirst du automatisch auf die PayPal-Seite weitergeleitet, wo du nach erfolgreichem Login bezahlen kannst. Nachdem wir die Best\u00e4tigung von PayPal erhalten haben, geht Deine Bestellung umgehend in den Versandbereich.<\/p>\n<p>F\u00fcr die Zahlungsabwicklung \u00fcber PayPal gelten \u2013 erg\u00e4nzend zu unseren AGB \u2013 die AGB und die Datenschutzerkl\u00e4rung von PayPal. Weitere Informationen und die vollst\u00e4ndigen AGB von PayPal zum Rechnungskauf finden<br \/>\nSie hier: https:\/\/www.paypal.com\/de\/webapps\/mpp\/ua\/pui-terms?locale.x=de_DE.<\/p>\n<p>&nbsp;<\/p>\n<p><strong>Klarna \/ SOFORT \u00dcberweisung<\/strong><br \/>\nNach Abgabe der Bestellung wirst Du auf die Webseite des Online-Anbieters Klarna \/ SOFORT \u00dcberweisung weitergeleitet. Um den Rechnungsbetrag\u00a0 \u00fcber SOFORT \u00dcberweisung bezahlen zu k\u00f6nnen, musst Du \u00fcber ein f\u00fcr die Teilnahme an SOFORT \u00dcberweisung freigeschaltetes Online-Banking-Konto mit PIN\/TAN-Verfahren verf\u00fcgen, sich entsprechend legitimieren und die Zahlungsanweisung an uns best\u00e4tigen.<br \/>\nWeitere Hinweise erh\u00e4lst Du, beim Bestellvorgang. Die Zahlungstransaktion wird unmittelbar danach von Klarna \/ SOFORT \u00dcberweisung durchgef\u00fchrt und Dein Konto belastet.<\/p>\n","protected":false},"excerpt":{"rendered":"<p>Zahlung &amp; Versand &nbsp; Es gelten folgende Bedingungen: Versandbedingungen Die Lieferung erfolgt im Inland (Deutschland) und in die nachstehenden L\u00e4nder: \u00d6sterreich, Gro\u00dfbritannien. Der Versand auf deutsche Inseln erfolgt nach entsprechenden Versandkosten. Versandkosten (inklusive gesetzliche Mehrwertsteuer) Lieferungen im Inland (Deutschland): Zuz\u00fcglich zu den angegebenen Produktpreisen kommen noch Versandkosten hinzu. N\u00e4heres zur H\u00f6he der Versandkosten erf\u00e4hrst Du &hellip; <\/p>\n<p class=\"link-more\"><a href=\"https:\/\/www.navalea.com\/en\/zahlung-versand\/\" class=\"more-link\">Continue reading<span class=\"screen-reader-text\"> &#8220;Zahlung &#038; Versand&#8221;<\/span><\/a><\/p>\n","protected":false},"author":1,"featured_media":0,"parent":0,"menu_order":0,"comment_status":"closed","ping_status":"closed","template":"","meta":{"footnotes":""},"class_list":["post-2280","page","type-page","status-publish","hentry"],"acf":[],"yoast_head":"<!-- This site is optimized with the Yoast SEO plugin v21.5 - https:\/\/yoast.com\/wordpress\/plugins\/seo\/ -->\n<title>Zahlung &amp; Versand - Navalea<\/title>\n<meta name=\"robots\" content=\"noindex, nofollow\" \/>\n<meta property=\"og:locale\" content=\"en_US\" \/>\n<meta property=\"og:type\" content=\"article\" \/>\n<meta property=\"og:title\" content=\"Zahlung &amp; Versand - Navalea\" \/>\n<meta property=\"og:description\" content=\"Zahlung &amp; Versand &nbsp; Es gelten folgende Bedingungen: Versandbedingungen Die Lieferung erfolgt im Inland (Deutschland) und in die nachstehenden L\u00e4nder: \u00d6sterreich, Gro\u00dfbritannien. Der Versand auf deutsche Inseln erfolgt nach entsprechenden Versandkosten. Versandkosten (inklusive gesetzliche Mehrwertsteuer) Lieferungen im Inland (Deutschland): Zuz\u00fcglich zu den angegebenen Produktpreisen kommen noch Versandkosten hinzu. N\u00e4heres zur H\u00f6he der Versandkosten erf\u00e4hrst Du &hellip; Continue reading &quot;Zahlung &#038; Versand&quot;\" \/>\n<meta property=\"og:url\" content=\"https:\/\/www.navalea.com\/en\/zahlung-versand\/\" \/>\n<meta property=\"og:site_name\" content=\"Navalea\" \/>\n<meta property=\"article:publisher\" content=\"https:\/\/www.facebook.com\/NavaleaGreece\/\" \/>\n<meta name=\"twitter:card\" content=\"summary_large_image\" \/>\n<meta name=\"twitter:label1\" content=\"Est. reading time\" \/>\n\t<meta name=\"twitter:data1\" content=\"3 minutes\" \/>\n<script type=\"application\/ld+json\" class=\"yoast-schema-graph\">{\"@context\":\"https:\/\/schema.org\",\"@graph\":[{\"@type\":\"WebPage\",\"@id\":\"https:\/\/www.navalea.com\/en\/zahlung-versand\/\",\"url\":\"https:\/\/www.navalea.com\/en\/zahlung-versand\/\",\"name\":\"Zahlung & Versand - Navalea\",\"isPartOf\":{\"@id\":\"https:\/\/www.navalea.com\/#website\"},\"datePublished\":\"2018-10-23T10:06:18+00:00\",\"dateModified\":\"2018-10-23T10:06:18+00:00\",\"breadcrumb\":{\"@id\":\"https:\/\/www.navalea.com\/en\/zahlung-versand\/#breadcrumb\"},\"inLanguage\":\"en-US\",\"potentialAction\":[{\"@type\":\"ReadAction\",\"target\":[\"https:\/\/www.navalea.com\/en\/zahlung-versand\/\"]}]},{\"@type\":\"BreadcrumbList\",\"@id\":\"https:\/\/www.navalea.com\/en\/zahlung-versand\/#breadcrumb\",\"itemListElement\":[{\"@type\":\"ListItem\",\"position\":1,\"name\":\"Home\",\"item\":\"https:\/\/www.navalea.com\/en\/\"},{\"@type\":\"ListItem\",\"position\":2,\"name\":\"Zahlung &#038; Versand\"}]},{\"@type\":\"WebSite\",\"@id\":\"https:\/\/www.navalea.com\/#website\",\"url\":\"https:\/\/www.navalea.com\/\",\"name\":\"Navalea\",\"description\":\"\",\"publisher\":{\"@id\":\"https:\/\/www.navalea.com\/#organization\"},\"potentialAction\":[{\"@type\":\"SearchAction\",\"target\":{\"@type\":\"EntryPoint\",\"urlTemplate\":\"https:\/\/www.navalea.com\/?s={search_term_string}\"},\"query-input\":\"required name=search_term_string\"}],\"inLanguage\":\"en-US\"},{\"@type\":\"Organization\",\"@id\":\"https:\/\/www.navalea.com\/#organization\",\"name\":\"Navalea\",\"url\":\"https:\/\/www.navalea.com\/\",\"logo\":{\"@type\":\"ImageObject\",\"inLanguage\":\"en-US\",\"@id\":\"https:\/\/www.navalea.com\/#\/schema\/logo\/image\/\",\"url\":\"https:\/\/www.navalea.com\/wp-content\/uploads\/Navalea_logo.jpg\",\"contentUrl\":\"https:\/\/www.navalea.com\/wp-content\/uploads\/Navalea_logo.jpg\",\"width\":1345,\"height\":696,\"caption\":\"Navalea\"},\"image\":{\"@id\":\"https:\/\/www.navalea.com\/#\/schema\/logo\/image\/\"},\"sameAs\":[\"https:\/\/www.facebook.com\/NavaleaGreece\/\",\"https:\/\/www.instagram.com\/navalea_oliveoil\/\"]}]}<\/script>\n<!-- \/ Yoast SEO plugin. -->","yoast_head_json":{"title":"Zahlung & Versand - Navalea","robots":{"index":"noindex","follow":"nofollow"},"og_locale":"en_US","og_type":"article","og_title":"Zahlung & Versand - Navalea","og_description":"Zahlung &amp; Versand &nbsp; Es gelten folgende Bedingungen: Versandbedingungen Die Lieferung erfolgt im Inland (Deutschland) und in die nachstehenden L\u00e4nder: \u00d6sterreich, Gro\u00dfbritannien. Der Versand auf deutsche Inseln erfolgt nach entsprechenden Versandkosten. Versandkosten (inklusive gesetzliche Mehrwertsteuer) Lieferungen im Inland (Deutschland): Zuz\u00fcglich zu den angegebenen Produktpreisen kommen noch Versandkosten hinzu. N\u00e4heres zur H\u00f6he der Versandkosten erf\u00e4hrst Du &hellip; Continue reading \"Zahlung &#038; Versand\"","og_url":"https:\/\/www.navalea.com\/en\/zahlung-versand\/","og_site_name":"Navalea","article_publisher":"https:\/\/www.facebook.com\/NavaleaGreece\/","twitter_card":"summary_large_image","twitter_misc":{"Est. reading time":"3 minutes"},"schema":{"@context":"https:\/\/schema.org","@graph":[{"@type":"WebPage","@id":"https:\/\/www.navalea.com\/en\/zahlung-versand\/","url":"https:\/\/www.navalea.com\/en\/zahlung-versand\/","name":"Zahlung & Versand - Navalea","isPartOf":{"@id":"https:\/\/www.navalea.com\/#website"},"datePublished":"2018-10-23T10:06:18+00:00","dateModified":"2018-10-23T10:06:18+00:00","breadcrumb":{"@id":"https:\/\/www.navalea.com\/en\/zahlung-versand\/#breadcrumb"},"inLanguage":"en-US","potentialAction":[{"@type":"ReadAction","target":["https:\/\/www.navalea.com\/en\/zahlung-versand\/"]}]},{"@type":"BreadcrumbList","@id":"https:\/\/www.navalea.com\/en\/zahlung-versand\/#breadcrumb","itemListElement":[{"@type":"ListItem","position":1,"name":"Home","item":"https:\/\/www.navalea.com\/en\/"},{"@type":"ListItem","position":2,"name":"Zahlung &#038; Versand"}]},{"@type":"WebSite","@id":"https:\/\/www.navalea.com\/#website","url":"https:\/\/www.navalea.com\/","name":"Navalea","description":"","publisher":{"@id":"https:\/\/www.navalea.com\/#organization"},"potentialAction":[{"@type":"SearchAction","target":{"@type":"EntryPoint","urlTemplate":"https:\/\/www.navalea.com\/?s={search_term_string}"},"query-input":"required name=search_term_string"}],"inLanguage":"en-US"},{"@type":"Organization","@id":"https:\/\/www.navalea.com\/#organization","name":"Navalea","url":"https:\/\/www.navalea.com\/","logo":{"@type":"ImageObject","inLanguage":"en-US","@id":"https:\/\/www.navalea.com\/#\/schema\/logo\/image\/","url":"https:\/\/www.navalea.com\/wp-content\/uploads\/Navalea_logo.jpg","contentUrl":"https:\/\/www.navalea.com\/wp-content\/uploads\/Navalea_logo.jpg","width":1345,"height":696,"caption":"Navalea"},"image":{"@id":"https:\/\/www.navalea.com\/#\/schema\/logo\/image\/"},"sameAs":["https:\/\/www.facebook.com\/NavaleaGreece\/","https:\/\/www.instagram.com\/navalea_oliveoil\/"]}]}},"_links":{"self":[{"href":"https:\/\/www.navalea.com\/en\/wp-json\/wp\/v2\/pages\/2280","targetHints":{"allow":["GET"]}}],"collection":[{"href":"https:\/\/www.navalea.com\/en\/wp-json\/wp\/v2\/pages"}],"about":[{"href":"https:\/\/www.navalea.com\/en\/wp-json\/wp\/v2\/types\/page"}],"author":[{"embeddable":true,"href":"https:\/\/www.navalea.com\/en\/wp-json\/wp\/v2\/users\/1"}],"replies":[{"embeddable":true,"href":"https:\/\/www.navalea.com\/en\/wp-json\/wp\/v2\/comments?post=2280"}],"version-history":[{"count":0,"href":"https:\/\/www.navalea.com\/en\/wp-json\/wp\/v2\/pages\/2280\/revisions"}],"wp:attachment":[{"href":"https:\/\/www.navalea.com\/en\/wp-json\/wp\/v2\/media?parent=2280"}],"curies":[{"name":"wp","href":"https:\/\/api.w.org\/{rel}","templated":true}]}}