{"id":2338,"date":"2018-10-23T12:07:11","date_gmt":"2018-10-23T10:07:11","guid":{"rendered":"https:\/\/www.navalea.com\/story-herkunft-olivenoel\/"},"modified":"2020-11-09T12:00:53","modified_gmt":"2020-11-09T11:00:53","slug":"story-herkunft-olivenoel","status":"publish","type":"page","link":"https:\/\/www.navalea.com\/en\/story-herkunft-olivenoel\/","title":{"rendered":"Story"},"content":{"rendered":"<div class=\"wpb-content-wrapper\"><p>[vc_row][vc_column][vc_column_text]<\/p>\n<h2 style=\"text-align: center;\"><strong>Navalea \u2013 The story &amp; origin<\/strong><\/h2>\n<p>[\/vc_column_text][vc_empty_space height=&#8221;34px&#8221;][vc_column_text]<\/p>\n<h1 style=\"text-align: left;\"><\/h1>\n<p style=\"text-align: center;\">Navalea. An olive oil like a real love story.<br \/>\nAll about the love of life and nature in all its perfection.<br \/>\nA declaration of love to Greek tradition, culture and its wonderful country.<br \/>\nGrown in Messinia, Navalea combines the power of the olive tree and its fruits.<br \/>\nA declaration of love for natural extra virgin olive oil of special quality.<\/p>\n<p style=\"text-align: center;\"><strong>Navalea. 100% Extra Natives Oliven\u00f6l 100% Koroneiki 100% Kaltextraktion.<\/strong><\/p>\n<h2><\/h2>\n<p>[\/vc_column_text][vc_empty_space height=&#8221;14px&#8221;][vc_row_inner][vc_column_inner width=&#8221;1\/3&#8243;][vc_empty_space height=&#8221;34px&#8221;][vc_column_text]<\/p>\n<h3><strong>Who is Navalea?<\/strong><\/h3>\n<p>As the daughter of a Greek-German family, Corina Schwab Christopoulos has always spent a lot of time in Greece. She shares her love of olive oil with family and friends, to whom she always brings fresh olive oil from Greece. The wish for her own olive oil, which comes fresh into the bottle right after the harvest and whose fresh aroma and natural taste you can feel, arose with friends.<br \/>\nAfter years of job-related trips around the world, she decided to pursue her dream of own olive oil and founded Navalea. In cooperation with young, talented, Greek farmers and their careful production methods, a fine hand-harvested olive oil is created, far from mass production &#8211; but with a lot of passion[\/vc_column_text][\/vc_column_inner][vc_column_inner width=&#8221;1\/3&#8243;][vc_column_text][\/vc_column_text][vc_column_text]<\/p>\n<h3 style=\"text-align: center;\"><strong>Our Philosophy<\/strong><\/h3>\n<p>Inspired by Greek culture and the Mediterranean way of life, we are defining extra virgin olive oil in a new way.<br \/>\nWe are also breaking new ground for this. Navalea&#8217;s design is inspired by the lightness, brightness, freedom and puristic forms of the Mediterranean lifestyle. This is how Navalea becomes a combination of tradition and modern lifestyle.<\/p>\n<p>&nbsp;<\/p>\n<h3 style=\"text-align: center;\"><strong>A Passion for<br \/>\nOlive Oil<br \/>\n<\/strong><\/h3>\n<p style=\"text-align: left;\">It all started with passion for olive oil. The trip. The idea. Navalea.<br \/>\nAn olive oil that goes straight from the olive tree into the bottle. Inspired by Greece&#8217;s nature and lifestyle. Only Navalea and love. No more and no less. And so Navalea started &#8211; Inspired by nature.<\/p>\n<p>[\/vc_column_text][\/vc_column_inner][vc_column_inner width=&#8221;1\/3&#8243;][vc_empty_space height=&#8221;22px&#8221;][vc_single_image image=&#8221;1573&#8243; add_caption=&#8221;yes&#8221; style=&#8221;vc_box_border&#8221; css=&#8221;.vc_custom_1552419689986{margin-top: 10px !important;}&#8221;][vc_column_text]<\/p>\n<p style=\"text-align: center;\"><strong><em>Corina<br \/>\n<\/em><\/strong><\/p>\n<p>[\/vc_column_text][\/vc_column_inner][vc_column_inner][\/vc_column_inner][vc_column_inner][\/vc_column_inner][\/vc_row_inner][vc_separator][\/vc_column][\/vc_row][vc_row full_height=&#8221;yes&#8221; equal_height=&#8221;yes&#8221; content_placement=&#8221;middle&#8221;][vc_column][vc_column_text]<\/p>\n<h3><strong>The origin of our olive oil &#8211; our partners<\/strong><\/h3>\n<p>For the production of Navalea, we work together with young Greek talents who have won several awards for their olive oil production.<br \/>\nDriven by the appreciation of natural products and their cultivation, we value our partners &#8211; the hard-working olive oil farmers &#8211; in every step. We share the values of Greek culture, its tradition, Greek nature &#8211; and the people behind it.<\/p>\n<p>Our partners not only share the passion for extra virgin olive oil as we do, but they also share the great appreciation for nature. For this reason, they treat their olive trees as their treasures to ensure sustainability and produce the best olive oil for us.<\/p>\n<p>[\/vc_column_text][vc_row_inner][vc_column_inner width=&#8221;1\/3&#8243;][vc_single_image image=&#8221;1577&#8243; style=&#8221;vc_box_border&#8221;][\/vc_column_inner][vc_column_inner width=&#8221;1\/3&#8243;][vc_single_image image=&#8221;1578&#8243; style=&#8221;vc_box_border&#8221;][\/vc_column_inner][vc_column_inner width=&#8221;1\/3&#8243;][vc_single_image image=&#8221;1576&#8243; style=&#8221;vc_box_border&#8221;][\/vc_column_inner][\/vc_row_inner][vc_separator][\/vc_column][\/vc_row][vc_row][vc_column][vc_column_text]<\/p>\n<h3><strong>Messinia &#8211; Navalea\u00b4s home and origin &#8211; 100% Koroneiki<\/strong><\/h3>\n<p>Navalea grew and matured in Messinia, Greece. Messinia is a region in the Peloponnese, surrounded by mountains and the breeze of the Ionian Sea. Known for the ideal climate and the excellent soil for olive cultivation, Messinia produces particularly aromatic olives full of valuable nutrients. Messinia is the home of the \u201cKoroneiki\u201d olive variety. It is the same region of which the famous Kalamata olives come from. Navalea is extracted from 100% Koroneiki.<\/p>\n<p>The Koroneiki variety is characterized by a fresh, fruity taste &#8211; memories of freshly cut grass, citrus and green apple are awakened. The slightly bitter taste &#8211; a sign of the high content of healthy polyphenols and antioxidants &#8211; gives the oil a spicy taste and gives your health a real kick.[\/vc_column_text][vc_single_image image=&#8221;536&#8243; img_size=&#8221;full&#8221; style=&#8221;vc_box_border&#8221;][vc_empty_space][\/vc_column][\/vc_row][vc_row][vc_column][vc_gmaps link=&#8221;#E-8_JTNDaWZyYW1lJTIwc3JjJTNEJTIyaHR0cHMlM0ElMkYlMkZ3d3cuZ29vZ2xlLmNvbSUyRm1hcHMlMkZlbWJlZCUzRnBiJTNEJTIxMW0xOCUyMTFtMTIlMjExbTMlMjExZDY0MzU5MTcuMDg0NTA0NTk2JTIxMmQxOS41NjMzMDQ2MzExNjk0NSUyMTNkMzguNDUwMDgzMjUwMDIwMDklMjEybTMlMjExZjAlMjEyZjAlMjEzZjAlMjEzbTIlMjExaTEwMjQlMjEyaTc2OCUyMTRmMTMuMSUyMTNtMyUyMTFtMiUyMTFzMHgxMzYxMDJjZDkxNzEyMjg3JTI1M0EweDExMDU3NWJlMjVkMDdmMTklMjEyc01lc3NlbmllbiUyNTJDJTJCR3JpZWNoZW5sYW5kJTIxNWUwJTIxM20yJTIxMXNkZSUyMTJzZGUlMjE0djE1NDIxNDUwNDg0OTElMjIlMjB3aWR0aCUzRCUyMjYwMCUyMiUyMGhlaWdodCUzRCUyMjQ1MCUyMiUyMGZyYW1lYm9yZGVyJTNEJTIyMCUyMiUyMHN0eWxlJTNEJTIyYm9yZGVyJTNBMCUyMiUyMGFsbG93ZnVsbHNjcmVlbiUzRSUzQyUyRmlmcmFtZSUzRQ==&#8221; css_animation=&#8221;none&#8221;][vc_row_inner][vc_column_inner width=&#8221;1\/3&#8243;][\/vc_column_inner][vc_column_inner width=&#8221;1\/3&#8243;][\/vc_column_inner][vc_column_inner width=&#8221;1\/3&#8243;][\/vc_column_inner][\/vc_row_inner][\/vc_column][\/vc_row]<\/p>\n<\/div>","protected":false},"excerpt":{"rendered":"<p>[vc_row][vc_column][vc_column_text] Navalea \u2013 The story &amp; origin [\/vc_column_text][vc_empty_space height=&#8221;34px&#8221;][vc_column_text] Navalea. An olive oil like a real love story. All about the love of life and nature in all its perfection. A declaration of love to Greek tradition, culture and its wonderful country. Grown in Messinia, Navalea combines the power of the olive tree and its &hellip; <\/p>\n<p class=\"link-more\"><a href=\"https:\/\/www.navalea.com\/en\/story-herkunft-olivenoel\/\" class=\"more-link\">Continue reading<span class=\"screen-reader-text\"> &#8220;Story&#8221;<\/span><\/a><\/p>\n","protected":false},"author":1,"featured_media":0,"parent":0,"menu_order":0,"comment_status":"closed","ping_status":"closed","template":"","meta":{"footnotes":""},"class_list":["post-2338","page","type-page","status-publish","hentry"],"acf":[],"yoast_head":"<!-- This site is optimized with the Yoast SEO plugin v21.5 - https:\/\/yoast.com\/wordpress\/plugins\/seo\/ -->\n<title>Navalea \u2013 Die Story &amp; Herkunft - 100% Extra Natives Oliven\u00f6l<\/title>\n<meta name=\"description\" content=\"Die Herkunft von Navalea liegt in Messinia, Griechenland. Unsere Oliven sind dort gewachsen und gereift. Navalea ist ein 100% Extra Natives Oliven\u00f6l.\" \/>\n<meta name=\"robots\" content=\"index, follow, max-snippet:-1, max-image-preview:large, max-video-preview:-1\" \/>\n<link rel=\"canonical\" href=\"https:\/\/www.navalea.com\/en\/story-herkunft-olivenoel\/\" \/>\n<meta property=\"og:locale\" content=\"en_US\" \/>\n<meta property=\"og:type\" content=\"article\" \/>\n<meta property=\"og:title\" content=\"Navalea - Natives Oliven\u00f6l Extra - Story und Herkunft\" \/>\n<meta property=\"og:description\" content=\"Gereift in Messinien, vereint Navalea die Kraft des Olivenbaumes und seiner Fr\u00fcchte. Eine Liebeserkl\u00e4rung an naturbelassenes Extra Natives Oliven\u00f6l in besonderer Qualit\u00e4t.\" \/>\n<meta property=\"og:url\" content=\"https:\/\/www.navalea.com\/en\/story-herkunft-olivenoel\/\" \/>\n<meta property=\"og:site_name\" content=\"Navalea\" \/>\n<meta property=\"article:publisher\" content=\"https:\/\/www.facebook.com\/NavaleaGreece\/\" \/>\n<meta property=\"article:modified_time\" content=\"2020-11-09T11:00:53+00:00\" \/>\n<meta property=\"og:image\" content=\"https:\/\/www.navalea.com\/wp-content\/uploads\/Corina-Schwab-Christopoulos_Navalea-1200x800.jpg\" \/>\n\t<meta property=\"og:image:width\" content=\"1200\" \/>\n\t<meta property=\"og:image:height\" content=\"800\" \/>\n\t<meta property=\"og:image:type\" content=\"image\/jpeg\" \/>\n<meta name=\"twitter:card\" content=\"summary_large_image\" \/>\n<meta name=\"twitter:title\" content=\"Navalea - Natives Oliven\u00f6l Extra - Story und Herkunft\" \/>\n<meta name=\"twitter:description\" content=\"Gereift in Messinien, vereint Navalea die Kraft des Olivenbaumes und seiner Fr\u00fcchte. Eine Liebeserkl\u00e4rung an naturbelassenes Extra Natives Oliven\u00f6l in besonderer Qualit\u00e4t.\" \/>\n<meta name=\"twitter:image\" content=\"https:\/\/www.navalea.com\/wp-content\/uploads\/Corina-Schwab-Christopoulos_Navalea.jpg\" \/>\n<meta name=\"twitter:label1\" content=\"Est. reading time\" \/>\n\t<meta name=\"twitter:data1\" content=\"4 minutes\" \/>\n<script type=\"application\/ld+json\" class=\"yoast-schema-graph\">{\"@context\":\"https:\/\/schema.org\",\"@graph\":[{\"@type\":\"WebPage\",\"@id\":\"https:\/\/www.navalea.com\/en\/story-herkunft-olivenoel\/\",\"url\":\"https:\/\/www.navalea.com\/en\/story-herkunft-olivenoel\/\",\"name\":\"Navalea \u2013 Die Story & Herkunft - 100% Extra Natives Oliven\u00f6l\",\"isPartOf\":{\"@id\":\"https:\/\/www.navalea.com\/#website\"},\"datePublished\":\"2018-10-23T10:07:11+00:00\",\"dateModified\":\"2020-11-09T11:00:53+00:00\",\"description\":\"Die Herkunft von Navalea liegt in Messinia, Griechenland. Unsere Oliven sind dort gewachsen und gereift. Navalea ist ein 100% Extra Natives Oliven\u00f6l.\",\"breadcrumb\":{\"@id\":\"https:\/\/www.navalea.com\/en\/story-herkunft-olivenoel\/#breadcrumb\"},\"inLanguage\":\"en-US\",\"potentialAction\":[{\"@type\":\"ReadAction\",\"target\":[\"https:\/\/www.navalea.com\/en\/story-herkunft-olivenoel\/\"]}]},{\"@type\":\"BreadcrumbList\",\"@id\":\"https:\/\/www.navalea.com\/en\/story-herkunft-olivenoel\/#breadcrumb\",\"itemListElement\":[{\"@type\":\"ListItem\",\"position\":1,\"name\":\"Home\",\"item\":\"https:\/\/www.navalea.com\/en\/\"},{\"@type\":\"ListItem\",\"position\":2,\"name\":\"Story\"}]},{\"@type\":\"WebSite\",\"@id\":\"https:\/\/www.navalea.com\/#website\",\"url\":\"https:\/\/www.navalea.com\/\",\"name\":\"Navalea\",\"description\":\"\",\"publisher\":{\"@id\":\"https:\/\/www.navalea.com\/#organization\"},\"potentialAction\":[{\"@type\":\"SearchAction\",\"target\":{\"@type\":\"EntryPoint\",\"urlTemplate\":\"https:\/\/www.navalea.com\/?s={search_term_string}\"},\"query-input\":\"required name=search_term_string\"}],\"inLanguage\":\"en-US\"},{\"@type\":\"Organization\",\"@id\":\"https:\/\/www.navalea.com\/#organization\",\"name\":\"Navalea\",\"url\":\"https:\/\/www.navalea.com\/\",\"logo\":{\"@type\":\"ImageObject\",\"inLanguage\":\"en-US\",\"@id\":\"https:\/\/www.navalea.com\/#\/schema\/logo\/image\/\",\"url\":\"https:\/\/www.navalea.com\/wp-content\/uploads\/Navalea_logo.jpg\",\"contentUrl\":\"https:\/\/www.navalea.com\/wp-content\/uploads\/Navalea_logo.jpg\",\"width\":1345,\"height\":696,\"caption\":\"Navalea\"},\"image\":{\"@id\":\"https:\/\/www.navalea.com\/#\/schema\/logo\/image\/\"},\"sameAs\":[\"https:\/\/www.facebook.com\/NavaleaGreece\/\",\"https:\/\/www.instagram.com\/navalea_oliveoil\/\"]}]}<\/script>\n<!-- \/ Yoast SEO plugin. -->","yoast_head_json":{"title":"Navalea \u2013 Die Story & Herkunft - 100% Extra Natives Oliven\u00f6l","description":"Die Herkunft von Navalea liegt in Messinia, Griechenland. Unsere Oliven sind dort gewachsen und gereift. Navalea ist ein 100% Extra Natives Oliven\u00f6l.","robots":{"index":"index","follow":"follow","max-snippet":"max-snippet:-1","max-image-preview":"max-image-preview:large","max-video-preview":"max-video-preview:-1"},"canonical":"https:\/\/www.navalea.com\/en\/story-herkunft-olivenoel\/","og_locale":"en_US","og_type":"article","og_title":"Navalea - Natives Oliven\u00f6l Extra - Story und Herkunft","og_description":"Gereift in Messinien, vereint Navalea die Kraft des Olivenbaumes und seiner Fr\u00fcchte. Eine Liebeserkl\u00e4rung an naturbelassenes Extra Natives Oliven\u00f6l in besonderer Qualit\u00e4t.","og_url":"https:\/\/www.navalea.com\/en\/story-herkunft-olivenoel\/","og_site_name":"Navalea","article_publisher":"https:\/\/www.facebook.com\/NavaleaGreece\/","article_modified_time":"2020-11-09T11:00:53+00:00","og_image":[{"width":1200,"height":800,"url":"https:\/\/www.navalea.com\/wp-content\/uploads\/Corina-Schwab-Christopoulos_Navalea-1200x800.jpg","type":"image\/jpeg"}],"twitter_card":"summary_large_image","twitter_title":"Navalea - Natives Oliven\u00f6l Extra - Story und Herkunft","twitter_description":"Gereift in Messinien, vereint Navalea die Kraft des Olivenbaumes und seiner Fr\u00fcchte. Eine Liebeserkl\u00e4rung an naturbelassenes Extra Natives Oliven\u00f6l in besonderer Qualit\u00e4t.","twitter_image":"https:\/\/www.navalea.com\/wp-content\/uploads\/Corina-Schwab-Christopoulos_Navalea.jpg","twitter_misc":{"Est. reading time":"4 minutes"},"schema":{"@context":"https:\/\/schema.org","@graph":[{"@type":"WebPage","@id":"https:\/\/www.navalea.com\/en\/story-herkunft-olivenoel\/","url":"https:\/\/www.navalea.com\/en\/story-herkunft-olivenoel\/","name":"Navalea \u2013 Die Story & Herkunft - 100% Extra Natives Oliven\u00f6l","isPartOf":{"@id":"https:\/\/www.navalea.com\/#website"},"datePublished":"2018-10-23T10:07:11+00:00","dateModified":"2020-11-09T11:00:53+00:00","description":"Die Herkunft von Navalea liegt in Messinia, Griechenland. Unsere Oliven sind dort gewachsen und gereift. Navalea ist ein 100% Extra Natives Oliven\u00f6l.","breadcrumb":{"@id":"https:\/\/www.navalea.com\/en\/story-herkunft-olivenoel\/#breadcrumb"},"inLanguage":"en-US","potentialAction":[{"@type":"ReadAction","target":["https:\/\/www.navalea.com\/en\/story-herkunft-olivenoel\/"]}]},{"@type":"BreadcrumbList","@id":"https:\/\/www.navalea.com\/en\/story-herkunft-olivenoel\/#breadcrumb","itemListElement":[{"@type":"ListItem","position":1,"name":"Home","item":"https:\/\/www.navalea.com\/en\/"},{"@type":"ListItem","position":2,"name":"Story"}]},{"@type":"WebSite","@id":"https:\/\/www.navalea.com\/#website","url":"https:\/\/www.navalea.com\/","name":"Navalea","description":"","publisher":{"@id":"https:\/\/www.navalea.com\/#organization"},"potentialAction":[{"@type":"SearchAction","target":{"@type":"EntryPoint","urlTemplate":"https:\/\/www.navalea.com\/?s={search_term_string}"},"query-input":"required name=search_term_string"}],"inLanguage":"en-US"},{"@type":"Organization","@id":"https:\/\/www.navalea.com\/#organization","name":"Navalea","url":"https:\/\/www.navalea.com\/","logo":{"@type":"ImageObject","inLanguage":"en-US","@id":"https:\/\/www.navalea.com\/#\/schema\/logo\/image\/","url":"https:\/\/www.navalea.com\/wp-content\/uploads\/Navalea_logo.jpg","contentUrl":"https:\/\/www.navalea.com\/wp-content\/uploads\/Navalea_logo.jpg","width":1345,"height":696,"caption":"Navalea"},"image":{"@id":"https:\/\/www.navalea.com\/#\/schema\/logo\/image\/"},"sameAs":["https:\/\/www.facebook.com\/NavaleaGreece\/","https:\/\/www.instagram.com\/navalea_oliveoil\/"]}]}},"_links":{"self":[{"href":"https:\/\/www.navalea.com\/en\/wp-json\/wp\/v2\/pages\/2338","targetHints":{"allow":["GET"]}}],"collection":[{"href":"https:\/\/www.navalea.com\/en\/wp-json\/wp\/v2\/pages"}],"about":[{"href":"https:\/\/www.navalea.com\/en\/wp-json\/wp\/v2\/types\/page"}],"author":[{"embeddable":true,"href":"https:\/\/www.navalea.com\/en\/wp-json\/wp\/v2\/users\/1"}],"replies":[{"embeddable":true,"href":"https:\/\/www.navalea.com\/en\/wp-json\/wp\/v2\/comments?post=2338"}],"version-history":[{"count":3,"href":"https:\/\/www.navalea.com\/en\/wp-json\/wp\/v2\/pages\/2338\/revisions"}],"predecessor-version":[{"id":2347,"href":"https:\/\/www.navalea.com\/en\/wp-json\/wp\/v2\/pages\/2338\/revisions\/2347"}],"wp:attachment":[{"href":"https:\/\/www.navalea.com\/en\/wp-json\/wp\/v2\/media?parent=2338"}],"curies":[{"name":"wp","href":"https:\/\/api.w.org\/{rel}","templated":true}]}}