{"id":2395,"date":"2021-02-08T17:04:58","date_gmt":"2021-02-08T16:04:58","guid":{"rendered":"https:\/\/www.navalea.com\/?page_id=2395"},"modified":"2021-06-17T12:34:52","modified_gmt":"2021-06-17T10:34:52","slug":"welt-des-olivenoels","status":"publish","type":"page","link":"https:\/\/www.navalea.com\/en\/welt-des-olivenoels\/","title":{"rendered":"Welt des Oliven\u00f6ls"},"content":{"rendered":"<div class=\"wpb-content-wrapper\"><p>[vc_row][vc_column][vc_column_text]<\/p>\n<h1><strong>\u00a0\u00a0\u00a0\u00a0\u00a0\u00a0\u00a0\u00a0\u00a0\u00a0\u00a0\u00a0\u00a0\u00a0\u00a0 \u00a0 \u00a0 \u00a0 \u00a0 \u00a0 \u00a0 \u00a0\u00a0\u00a0\u00a0\u00a0\u00a0 The World of Olive Oil<\/strong><\/h1>\n<p><strong>\u00a0<\/strong><\/p>\n<p>&nbsp;<\/p>\n<h2><\/h2>\n<p>[\/vc_column_text][vc_empty_space][vc_column_text]<\/p>\n<h2>ALL THE KNOWLEDGE ABOUT OLIVE OIL!<\/h2>\n<p>[\/vc_column_text][vc_column_text][\/vc_column_text][vc_row_inner][vc_column_inner][vc_column_text]<\/p>\n<p>Olive oil &#8211; there is hardly any other staple that stands so much for healthy Mediterranean cuisine. And rightly so! Extra virgin olive oil is not only universally applicable &#8211; whether for frying, steaming, baking, cooking, salad, fish, meat, for dessert &#8211; cold-pressed olive oil is also incredibly tasty and aromatic. Good extra virgin olive oil is also proven to be healthy and can prevent a number of diseases.<\/p>\n<p>&nbsp;<\/p>\n<h2>Tradition<\/h2>\n<p>These advantages of olive oil have already been used by the ancient Greeks, who valued it not only as an everyday food, but also as a remedy and as a beauty agent, e.g. for the hair and skin. The production of olive oil in Greece goes back to thousands of years of tradition. The olive tree was and is a symbol of peace, life, fertility, strength and victory. In ancient times, cutting down an olive tree was most taboo, and is still not welcome today. Good olive oil is still valued all over the world.[\/vc_column_text][vc_empty_space height=&#8221;22px&#8221;][vc_column_text css=&#8221;.vc_custom_1542588095345{padding-left: 5px !important;}&#8221;][\/vc_column_text][vc_column_text]<\/p>\n<h2><strong>But how do you recognize a high-quality olive oil<\/strong>?<\/h2>\n<p>We will answer these and many other questions like the following in our \u201cWorld of Olive Oil\u201d. Be curious and find the answers here![\/vc_column_text][vc_column_text][\/vc_column_text][\/vc_column_inner][\/vc_row_inner][vc_row_inner][vc_column_inner el_class=&#8221;a:hover { color: purple; }&#8221; width=&#8221;1\/2&#8243;][vc_column_text]<\/p>\n<p>How do you recognize a high-quality olive oil?<\/p>\n<p>Where is the difference between &#8220;olive oil&#8221;, &#8220;virgin olive oil&#8221; and &#8220;extra virgin olive oil&#8221;?<\/p>\n<ol>\n<li style=\"list-style-type: none;\">\n<ol>\n<li>How do you recognize a high-quality olive oil?<\/li>\n<li>Where is the difference between &#8220;olive oil&#8221;, &#8220;virgin olive oil&#8221; and &#8220;extra virgin olive oil&#8221;?<\/li>\n<li>What are the ingredients of olive oil?<\/li>\n<li>What are the nutritional values \u200b\u200bof olive oil and what do they mean? Which fatty acids? What vitamins does olive oil contain?<\/li>\n<li>What does olive oil do for health?<\/li>\n<li>How many calories are in olive oil? How much fat does olive oil have? Can you lose weight with olive Oil?<\/li>\n<li>When is the burning point when frying with olive oil? How high can I heat olive oil?<\/li>\n<li>What does good olive oil cost?<\/li>\n<li>How do I test olive oil? Can I do an olive oil test myself?<\/li>\n<li>When and why does olive oil taste bitter? When and why does olive oil taste rancid?<\/li>\n<li>What do I have to consider when storing olive oil? How long is olive oil stable?<\/li>\n<li>When is the olive oil harvest?<\/li>\n<li>How is olive oil made and produced?<\/li>\n<li>Why is most olive oil sold in dark bottles? Why Navalea in white bottles?<\/li>\n<li>How can I use olive oil for personal hygiene?<\/li>\n<li>Exciting facts about olive oil<\/li>\n<li>How much olive oil do we consume?<\/li>\n<li>Which country produces the most olive oil?<\/li>\n<li>What to do with old olive oil?<\/li>\n<li>What types of olives are there?<\/li>\n<\/ol>\n<\/li>\n<\/ol>\n<p>[\/vc_column_text][\/vc_column_inner][vc_column_inner width=&#8221;1\/2&#8243;][vc_single_image image=&#8221;1475&#8243; alignment=&#8221;center&#8221; style=&#8221;vc_box_border&#8221;][\/vc_column_inner][\/vc_row_inner][vc_column_text]Let yourself be inspired by Navalea. Because with Navalea, nothing stands in the way of enjoying Greek extra virgin olive oil and its countless possibilities!<\/p>\n<p>Discover these countless possibilities, exciting olive oil recipes, healthy tips, and exciting lifestyle trends around the topic of healthy eating, Mediterranean lifestyle, and olive oil in our &#8220;Navalea Magazine&#8221;![\/vc_column_text][\/vc_column][\/vc_row][vc_row][vc_column][vc_separator][\/vc_column][\/vc_row][vc_row][vc_column][vc_separator][\/vc_column][\/vc_row][vc_row][vc_column width=&#8221;1\/2&#8243;]<div class=\"woocommerce columns-4 \"><\/div><div class=\"woocommerce \"><ul class=\"products\">\n\n<div id=\"productitem-1380\" class=\"gap  productitem woocommerce\"\n     data-variations=\"null\"\n     data-prefix=\"\">\n    <div class=\"blockUI blockOverlay\"><\/div>\n    <div class=\"row no-margin \">\n        <div class=\"col-xs-12 productimageholder\">\n            \n                <img loading=\"lazy\" decoding=\"async\" width=\"1200\" height=\"1306\" src=\"https:\/\/www.navalea.com\/wp-content\/uploads\/navalea-oliven\u00f6l-premium-shop-1200x1306.jpg\" class=\"img-responsive wp-post-image\" alt=\"\" srcset=\"https:\/\/www.navalea.com\/wp-content\/uploads\/navalea-oliven\u00f6l-premium-shop-1200x1306.jpg 1200w, https:\/\/www.navalea.com\/wp-content\/uploads\/navalea-oliven\u00f6l-premium-shop-400x435.jpg 400w, https:\/\/www.navalea.com\/wp-content\/uploads\/navalea-oliven\u00f6l-premium-shop-768x836.jpg 768w, https:\/\/www.navalea.com\/wp-content\/uploads\/navalea-oliven\u00f6l-premium-shop-600x653.jpg 600w\" sizes=\"auto, 100vw\" \/>                            \n            <div class=\"productoverlayholder\">\n                <div class=\"productoverlay\">\n                                        <div class=\"row buttons\">\n                        <div class=\"col-xs-6 col-md-4 productdetailsbutton\"><input id=\"\" class=\"form-control quantity\"\n                                                                                    value=\"1\" type=\"number\"><\/div>\n                        <div class=\"col-xs-6 col-md-8 small-gap\">\n                                                            <button id=\"cartBtn-1380\"\n                                        class=\"simpleCartBtnMin btn btn-default btn-action btn-block\"\n                                        data-product_id=\"1380\"><span class=\"hidden-xs\">Add to cart<\/span><span class=\"visible-xs\"><i class=\"fa fa-cart-plus\"><\/i><\/span><\/button>\n                                                    <\/div>\n\n                    <\/div>\n                <\/div>\n            <\/div>\n\n        <\/div>\n    <\/div>\n    <div class=\"row no-margin\">\n        <div class=\"col-xs-12\">\n            <a href=\"https:\/\/www.navalea.com\/en\/produkt\/navalea-premium-extra-virgin-olive-oil-online-shop\/\" class=\"productdesc\">\n                <h3>Navalea &#8211; Premium Extra Virgin Olive Oil<\/h3>\n                <p id=\"pricelabel-1380\"\n                   class=\"pricelabel woocommerce-variation-price price\"><span class=\"woocommerce-Price-amount amount\"><bdi><span class=\"woocommerce-Price-currencySymbol\">&euro;<\/span>27,50<\/bdi><\/span> <small class=\"woocommerce-price-suffix\">Inkl. MwSt<\/small><\/p>\n            <\/a>\n        <\/div>\n    <\/div>\n<\/div><\/ul>\r\n<\/div>[\/vc_column][vc_column width=&#8221;1\/2&#8243;][vc_column_text]<strong>Navalea. 100% Natives Oliven\u00f6l Extra. <\/strong><\/p>\n<p>100% Koroneiki. Kaltextraktion.<\/p>\n<p>Messinien, Griechenland<\/p>\n<p>&nbsp;<\/p>\n<h3>Zutaten: Natives Oliven\u00f6l Extra<\/h3>\n<p>Inhalt: 500 ml \/ 16.9 fl.oz[\/vc_column_text][vc_column_text]Erste G\u00fcteklasse. Direkt aus Oliven, ausschlie\u00dflich mit mechanischen Verfahren gewonnen.<\/p>\n<p>So erh\u00e4lt Navalea seinen puren, nat\u00fcrlichen Geschmack und seine wertvollen N\u00e4hrstoffe.[\/vc_column_text][\/vc_column][\/vc_row][vc_row][vc_column][vc_separator][\/vc_column][\/vc_row]<\/p>\n<\/div>","protected":false},"excerpt":{"rendered":"<p>[vc_row][vc_column][vc_column_text] \u00a0\u00a0\u00a0\u00a0\u00a0\u00a0\u00a0\u00a0\u00a0\u00a0\u00a0\u00a0\u00a0\u00a0\u00a0 \u00a0 \u00a0 \u00a0 \u00a0 \u00a0 \u00a0 \u00a0\u00a0\u00a0\u00a0\u00a0\u00a0 The World of Olive Oil \u00a0 &nbsp; [\/vc_column_text][vc_empty_space][vc_column_text] ALL THE KNOWLEDGE ABOUT OLIVE OIL! [\/vc_column_text][vc_column_text][\/vc_column_text][vc_row_inner][vc_column_inner][vc_column_text] Olive oil &#8211; there is hardly any other staple that stands so much for healthy Mediterranean cuisine. And rightly so! Extra virgin olive oil is not only universally applicable &#8211; whether &hellip; <\/p>\n<p class=\"link-more\"><a href=\"https:\/\/www.navalea.com\/en\/welt-des-olivenoels\/\" class=\"more-link\">Continue reading<span class=\"screen-reader-text\"> &#8220;Welt des Oliven\u00f6ls&#8221;<\/span><\/a><\/p>\n","protected":false},"author":2,"featured_media":0,"parent":0,"menu_order":0,"comment_status":"closed","ping_status":"closed","template":"template-worldofoiloveoil.php","meta":{"footnotes":""},"class_list":["post-2395","page","type-page","status-publish","hentry"],"acf":[],"yoast_head":"<!-- This site is optimized with the Yoast SEO plugin v21.5 - https:\/\/yoast.com\/wordpress\/plugins\/seo\/ -->\n<title>Welt des Oliven\u00f6ls - Navalea<\/title>\n<meta name=\"robots\" content=\"index, follow, max-snippet:-1, max-image-preview:large, max-video-preview:-1\" \/>\n<link rel=\"canonical\" href=\"https:\/\/www.navalea.com\/en\/welt-des-olivenoels\/\" \/>\n<meta property=\"og:locale\" content=\"en_US\" \/>\n<meta property=\"og:type\" content=\"article\" \/>\n<meta property=\"og:title\" content=\"Welt des Oliven\u00f6ls - Navalea\" \/>\n<meta property=\"og:description\" content=\"[vc_row][vc_column][vc_column_text] \u00a0\u00a0\u00a0\u00a0\u00a0\u00a0\u00a0\u00a0\u00a0\u00a0\u00a0\u00a0\u00a0\u00a0\u00a0 \u00a0 \u00a0 \u00a0 \u00a0 \u00a0 \u00a0 \u00a0\u00a0\u00a0\u00a0\u00a0\u00a0 The World of Olive Oil \u00a0 &nbsp; [\/vc_column_text][vc_empty_space][vc_column_text] ALL THE KNOWLEDGE ABOUT OLIVE OIL! [\/vc_column_text][vc_column_text][\/vc_column_text][vc_row_inner][vc_column_inner][vc_column_text] Olive oil &#8211; there is hardly any other staple that stands so much for healthy Mediterranean cuisine. And rightly so! Extra virgin olive oil is not only universally applicable &#8211; whether &hellip; Continue reading &quot;Welt des Oliven\u00f6ls&quot;\" \/>\n<meta property=\"og:url\" content=\"https:\/\/www.navalea.com\/en\/welt-des-olivenoels\/\" \/>\n<meta property=\"og:site_name\" content=\"Navalea\" \/>\n<meta property=\"article:publisher\" content=\"https:\/\/www.facebook.com\/NavaleaGreece\/\" \/>\n<meta property=\"article:modified_time\" content=\"2021-06-17T10:34:52+00:00\" \/>\n<meta name=\"twitter:card\" content=\"summary_large_image\" \/>\n<meta name=\"twitter:label1\" content=\"Est. reading time\" \/>\n\t<meta name=\"twitter:data1\" content=\"4 minutes\" \/>\n<script type=\"application\/ld+json\" class=\"yoast-schema-graph\">{\"@context\":\"https:\/\/schema.org\",\"@graph\":[{\"@type\":\"WebPage\",\"@id\":\"https:\/\/www.navalea.com\/en\/welt-des-olivenoels\/\",\"url\":\"https:\/\/www.navalea.com\/en\/welt-des-olivenoels\/\",\"name\":\"Welt des Oliven\u00f6ls - Navalea\",\"isPartOf\":{\"@id\":\"https:\/\/www.navalea.com\/#website\"},\"datePublished\":\"2021-02-08T16:04:58+00:00\",\"dateModified\":\"2021-06-17T10:34:52+00:00\",\"breadcrumb\":{\"@id\":\"https:\/\/www.navalea.com\/en\/welt-des-olivenoels\/#breadcrumb\"},\"inLanguage\":\"en-US\",\"potentialAction\":[{\"@type\":\"ReadAction\",\"target\":[\"https:\/\/www.navalea.com\/en\/welt-des-olivenoels\/\"]}]},{\"@type\":\"BreadcrumbList\",\"@id\":\"https:\/\/www.navalea.com\/en\/welt-des-olivenoels\/#breadcrumb\",\"itemListElement\":[{\"@type\":\"ListItem\",\"position\":1,\"name\":\"Home\",\"item\":\"https:\/\/www.navalea.com\/en\/\"},{\"@type\":\"ListItem\",\"position\":2,\"name\":\"Welt des Oliven\u00f6ls\"}]},{\"@type\":\"WebSite\",\"@id\":\"https:\/\/www.navalea.com\/#website\",\"url\":\"https:\/\/www.navalea.com\/\",\"name\":\"Navalea\",\"description\":\"\",\"publisher\":{\"@id\":\"https:\/\/www.navalea.com\/#organization\"},\"potentialAction\":[{\"@type\":\"SearchAction\",\"target\":{\"@type\":\"EntryPoint\",\"urlTemplate\":\"https:\/\/www.navalea.com\/?s={search_term_string}\"},\"query-input\":\"required name=search_term_string\"}],\"inLanguage\":\"en-US\"},{\"@type\":\"Organization\",\"@id\":\"https:\/\/www.navalea.com\/#organization\",\"name\":\"Navalea\",\"url\":\"https:\/\/www.navalea.com\/\",\"logo\":{\"@type\":\"ImageObject\",\"inLanguage\":\"en-US\",\"@id\":\"https:\/\/www.navalea.com\/#\/schema\/logo\/image\/\",\"url\":\"https:\/\/www.navalea.com\/wp-content\/uploads\/Navalea_logo.jpg\",\"contentUrl\":\"https:\/\/www.navalea.com\/wp-content\/uploads\/Navalea_logo.jpg\",\"width\":1345,\"height\":696,\"caption\":\"Navalea\"},\"image\":{\"@id\":\"https:\/\/www.navalea.com\/#\/schema\/logo\/image\/\"},\"sameAs\":[\"https:\/\/www.facebook.com\/NavaleaGreece\/\",\"https:\/\/www.instagram.com\/navalea_oliveoil\/\"]}]}<\/script>\n<!-- \/ Yoast SEO plugin. -->","yoast_head_json":{"title":"Welt des Oliven\u00f6ls - Navalea","robots":{"index":"index","follow":"follow","max-snippet":"max-snippet:-1","max-image-preview":"max-image-preview:large","max-video-preview":"max-video-preview:-1"},"canonical":"https:\/\/www.navalea.com\/en\/welt-des-olivenoels\/","og_locale":"en_US","og_type":"article","og_title":"Welt des Oliven\u00f6ls - Navalea","og_description":"[vc_row][vc_column][vc_column_text] \u00a0\u00a0\u00a0\u00a0\u00a0\u00a0\u00a0\u00a0\u00a0\u00a0\u00a0\u00a0\u00a0\u00a0\u00a0 \u00a0 \u00a0 \u00a0 \u00a0 \u00a0 \u00a0 \u00a0\u00a0\u00a0\u00a0\u00a0\u00a0 The World of Olive Oil \u00a0 &nbsp; [\/vc_column_text][vc_empty_space][vc_column_text] ALL THE KNOWLEDGE ABOUT OLIVE OIL! [\/vc_column_text][vc_column_text][\/vc_column_text][vc_row_inner][vc_column_inner][vc_column_text] Olive oil &#8211; there is hardly any other staple that stands so much for healthy Mediterranean cuisine. And rightly so! Extra virgin olive oil is not only universally applicable &#8211; whether &hellip; Continue reading \"Welt des Oliven\u00f6ls\"","og_url":"https:\/\/www.navalea.com\/en\/welt-des-olivenoels\/","og_site_name":"Navalea","article_publisher":"https:\/\/www.facebook.com\/NavaleaGreece\/","article_modified_time":"2021-06-17T10:34:52+00:00","twitter_card":"summary_large_image","twitter_misc":{"Est. reading time":"4 minutes"},"schema":{"@context":"https:\/\/schema.org","@graph":[{"@type":"WebPage","@id":"https:\/\/www.navalea.com\/en\/welt-des-olivenoels\/","url":"https:\/\/www.navalea.com\/en\/welt-des-olivenoels\/","name":"Welt des Oliven\u00f6ls - Navalea","isPartOf":{"@id":"https:\/\/www.navalea.com\/#website"},"datePublished":"2021-02-08T16:04:58+00:00","dateModified":"2021-06-17T10:34:52+00:00","breadcrumb":{"@id":"https:\/\/www.navalea.com\/en\/welt-des-olivenoels\/#breadcrumb"},"inLanguage":"en-US","potentialAction":[{"@type":"ReadAction","target":["https:\/\/www.navalea.com\/en\/welt-des-olivenoels\/"]}]},{"@type":"BreadcrumbList","@id":"https:\/\/www.navalea.com\/en\/welt-des-olivenoels\/#breadcrumb","itemListElement":[{"@type":"ListItem","position":1,"name":"Home","item":"https:\/\/www.navalea.com\/en\/"},{"@type":"ListItem","position":2,"name":"Welt des Oliven\u00f6ls"}]},{"@type":"WebSite","@id":"https:\/\/www.navalea.com\/#website","url":"https:\/\/www.navalea.com\/","name":"Navalea","description":"","publisher":{"@id":"https:\/\/www.navalea.com\/#organization"},"potentialAction":[{"@type":"SearchAction","target":{"@type":"EntryPoint","urlTemplate":"https:\/\/www.navalea.com\/?s={search_term_string}"},"query-input":"required name=search_term_string"}],"inLanguage":"en-US"},{"@type":"Organization","@id":"https:\/\/www.navalea.com\/#organization","name":"Navalea","url":"https:\/\/www.navalea.com\/","logo":{"@type":"ImageObject","inLanguage":"en-US","@id":"https:\/\/www.navalea.com\/#\/schema\/logo\/image\/","url":"https:\/\/www.navalea.com\/wp-content\/uploads\/Navalea_logo.jpg","contentUrl":"https:\/\/www.navalea.com\/wp-content\/uploads\/Navalea_logo.jpg","width":1345,"height":696,"caption":"Navalea"},"image":{"@id":"https:\/\/www.navalea.com\/#\/schema\/logo\/image\/"},"sameAs":["https:\/\/www.facebook.com\/NavaleaGreece\/","https:\/\/www.instagram.com\/navalea_oliveoil\/"]}]}},"_links":{"self":[{"href":"https:\/\/www.navalea.com\/en\/wp-json\/wp\/v2\/pages\/2395","targetHints":{"allow":["GET"]}}],"collection":[{"href":"https:\/\/www.navalea.com\/en\/wp-json\/wp\/v2\/pages"}],"about":[{"href":"https:\/\/www.navalea.com\/en\/wp-json\/wp\/v2\/types\/page"}],"author":[{"embeddable":true,"href":"https:\/\/www.navalea.com\/en\/wp-json\/wp\/v2\/users\/2"}],"replies":[{"embeddable":true,"href":"https:\/\/www.navalea.com\/en\/wp-json\/wp\/v2\/comments?post=2395"}],"version-history":[{"count":4,"href":"https:\/\/www.navalea.com\/en\/wp-json\/wp\/v2\/pages\/2395\/revisions"}],"predecessor-version":[{"id":2442,"href":"https:\/\/www.navalea.com\/en\/wp-json\/wp\/v2\/pages\/2395\/revisions\/2442"}],"wp:attachment":[{"href":"https:\/\/www.navalea.com\/en\/wp-json\/wp\/v2\/media?parent=2395"}],"curies":[{"name":"wp","href":"https:\/\/api.w.org\/{rel}","templated":true}]}}