{"id":1380,"date":"2019-02-27T18:25:34","date_gmt":"2019-02-27T17:25:34","guid":{"rendered":"https:\/\/www.navalea.com\/?post_type=product&#038;p=1380"},"modified":"2024-06-30T11:33:28","modified_gmt":"2024-06-30T09:33:28","slug":"navalea-premium-extra-virgin-olive-oil-online-shop","status":"publish","type":"product","link":"https:\/\/www.navalea.com\/en\/produkt\/navalea-premium-extra-virgin-olive-oil-online-shop\/","title":{"rendered":"Navalea &#8211; Premium Extra Virgin Olive Oil"},"content":{"rendered":"<p>Erfahre hier, was genau in Deinem <strong>Navalea Premium Oliven\u00f6l<\/strong> enthalten ist. Weitere n\u00fctzliche Informationen zu den N\u00e4hrwerten und Qualit\u00e4tsmerkmalen, findest du in unserer Rubrik &#8220;<a href=\"https:\/\/www.navalea.com\/welt-des-olivenoel-wissen\/\"><strong>Welt des Oliven\u00f6ls<\/strong><\/a>&#8220;.<\/p>\n<p>&nbsp;<\/p>\n<h3>N\u00c4HRWERTE PRO 100ML<\/h3>\n<p>Brennwert: 824 kcal \/ 3389 kj<br \/>\nFett: 91,6g<\/p>\n<p>Davon<br \/>\nGes\u00e4ttigte Fetts\u00e4uren: 14,6g<br \/>\nEinfach <a href=\"https:\/\/www.netdoktor.de\/ernaehrung\/ungesaettigte-fettsaeuren\/\" target=\"_blank\" rel=\"noopener noreferrer\">unges\u00e4ttigte Fetts\u00e4uren<\/a>: 71,4g<br \/>\nMehrfach unges\u00e4ttigte Fetts\u00e4uren: 5,6g<br \/>\nKohlenhydrate: 00,0g<\/p>\n<p>Davon<br \/>\nZucker: 00,0g<br \/>\nBallaststoffe: 00,0g<br \/>\nEiwei\u00df: 00,0g<br \/>\nSalz: 00,0g<\/p>\n<p>&nbsp;<\/p>\n<h3>QUALIT\u00c4TSMERKMALE<\/h3>\n<p>S\u00e4uregehalt: &lt; 0,5 % (max. 0,8 %)<br \/>\nPeroxidzahl: 5,8 mEq = max. 20 mEq O2\/kg<br \/>\nK270: 0,158(max. 0,22)<br \/>\nK232: 1,650 (max. 2,5)<br \/>\nDK: -0,004 (max. 0,01)<br \/>\nWachsgehalt: 28 mg\/kg (max. 250)<\/p>\n<p>&nbsp;<\/p>\n<h3>STOREFINDER<\/h3>\n<p>Erhalte Navalea direkt hier im Online Shop oder in <a href=\"https:\/\/www.navalea.com\/?page_id=1921&amp;preview=true\">folgenden &gt; <strong>lokalen Stores <\/strong><\/a>&lt;<\/p>\n<p>&nbsp;<\/p>\n","protected":false},"excerpt":{"rendered":"<h3>Premium Natives Oliven\u00f6l Extra<\/h3>\n<p>100% Koroneiki. Kaltextraktion.<br \/>\nMessinien, Griechenland<\/p>\n<p>Zutaten: Natives Oliven\u00f6l Extra<br \/>\nInhalt: 500 ml \/ 16.9 fl.oz<\/p>\n<p>Erste G\u00fcteklasse. Direkt aus Oliven, ausschlie\u00dflich mit mechanischen Verfahren gewonnen.<\/p>\n<p>Ab der dritten Flasche <strong>Navalea<\/strong> bekommst Du bei uns immer deine Bestellung <strong>versandkostenfrei!<\/strong><\/p>\n<p>&nbsp;<\/p>\n<p><span style=\"color: #ff0000;\">Liebe Kunden und Freunde von Navalea,<\/span><\/p>\n<p><span style=\"color: #ff0000;\">leider gibt es dieses Jahr keine neuen Navalea Flaschen. Die Gr\u00fcnde daf\u00fcr liegen bei schwierigen<\/span><\/p>\n<p><span style=\"color: #ff0000;\">Umweltverh\u00e4ltnissen, die die Ernte zu gering ausfallen lassen haben.<\/span><\/p>\n<p><span style=\"color: #ff0000;\">Daher gibt es dieses Jahr leider keine neuen Flaschen zu erwerben. Wir hoffen auf euer Verst\u00e4ndnis <\/span><\/p>\n<p><span style=\"color: #ff0000;\">und hoffen euch n\u00e4chstes Jahr wieder mit Navalea versorgen zu k\u00f6nnen!<\/span><\/p>\n<p><span style=\"color: #ff0000;\">Mit lieben Gr\u00fc\u00dfen, euer Navaela Team<\/span><\/p>\n<p>&nbsp;<\/p>\n<p>&nbsp;<\/p>\n","protected":false},"featured_media":1696,"template":"","meta":[],"product_cat":[33],"product_tag":[],"class_list":["post-1380","product","type-product","status-publish","has-post-thumbnail","hentry","product_cat-uncategorized-de"],"acf":[],"yoast_head":"<!-- This site is optimized with the Yoast SEO plugin v21.5 - https:\/\/yoast.com\/wordpress\/plugins\/seo\/ -->\n<title>Online Shop - Premium Extra Natives Oliven\u00f6l - Navalea<\/title>\n<meta name=\"description\" content=\"Premium Oliven\u00f6l aus Griechenland. Erste G\u00fcteklasse. 100% Koroneiki. Kaltextraktion aus Messinien, Griechenland. Hier im Online Shop!\" \/>\n<meta name=\"robots\" content=\"index, follow, max-snippet:-1, max-image-preview:large, max-video-preview:-1\" \/>\n<link rel=\"canonical\" href=\"https:\/\/www.navalea.com\/produkt\/navalea-premium-extra-virgin-olive-oil-online-shop\/\" \/>\n<meta property=\"og:locale\" content=\"en_US\" \/>\n<meta property=\"og:type\" content=\"article\" \/>\n<meta property=\"og:title\" content=\"Online Shop - Premium Extra Natives Oliven\u00f6l - Navalea\" \/>\n<meta property=\"og:description\" content=\"Premium Oliven\u00f6l aus Griechenland. Erste G\u00fcteklasse. 100% Koroneiki. Kaltextraktion aus Messinien, Griechenland. Hier im Online Shop!\" \/>\n<meta property=\"og:url\" content=\"https:\/\/www.navalea.com\/produkt\/navalea-premium-extra-virgin-olive-oil-online-shop\/\" \/>\n<meta property=\"og:site_name\" content=\"Navalea\" \/>\n<meta property=\"article:publisher\" content=\"https:\/\/www.facebook.com\/NavaleaGreece\/\" \/>\n<meta property=\"article:modified_time\" content=\"2024-06-30T09:33:28+00:00\" \/>\n<meta property=\"og:image\" content=\"https:\/\/www.navalea.com\/wp-content\/uploads\/navalea-oliven\u00f6l-premium-shop.jpg\" \/>\n\t<meta property=\"og:image:width\" content=\"4000\" \/>\n\t<meta property=\"og:image:height\" content=\"4352\" \/>\n\t<meta property=\"og:image:type\" content=\"image\/jpeg\" \/>\n<meta name=\"twitter:card\" content=\"summary_large_image\" \/>\n<meta name=\"twitter:label1\" content=\"Est. reading time\" \/>\n\t<meta name=\"twitter:data1\" content=\"1 minute\" \/>\n<script type=\"application\/ld+json\" class=\"yoast-schema-graph\">{\"@context\":\"https:\/\/schema.org\",\"@graph\":[{\"@type\":\"WebPage\",\"@id\":\"https:\/\/www.navalea.com\/produkt\/navalea-premium-extra-virgin-olive-oil-online-shop\/\",\"url\":\"https:\/\/www.navalea.com\/produkt\/navalea-premium-extra-virgin-olive-oil-online-shop\/\",\"name\":\"Online Shop - Premium Extra Natives Oliven\u00f6l - Navalea\",\"isPartOf\":{\"@id\":\"https:\/\/www.navalea.com\/#website\"},\"datePublished\":\"2019-02-27T17:25:34+00:00\",\"dateModified\":\"2024-06-30T09:33:28+00:00\",\"description\":\"Premium Oliven\u00f6l aus Griechenland. Erste G\u00fcteklasse. 100% Koroneiki. Kaltextraktion aus Messinien, Griechenland. Hier im Online Shop!\",\"breadcrumb\":{\"@id\":\"https:\/\/www.navalea.com\/produkt\/navalea-premium-extra-virgin-olive-oil-online-shop\/#breadcrumb\"},\"inLanguage\":\"en-US\",\"potentialAction\":[{\"@type\":\"ReadAction\",\"target\":[\"https:\/\/www.navalea.com\/produkt\/navalea-premium-extra-virgin-olive-oil-online-shop\/\"]}]},{\"@type\":\"BreadcrumbList\",\"@id\":\"https:\/\/www.navalea.com\/produkt\/navalea-premium-extra-virgin-olive-oil-online-shop\/#breadcrumb\",\"itemListElement\":[{\"@type\":\"ListItem\",\"position\":1,\"name\":\"Home\",\"item\":\"https:\/\/www.navalea.com\/en\/\"},{\"@type\":\"ListItem\",\"position\":2,\"name\":\"Shop\",\"item\":\"https:\/\/www.navalea.com\/shop\/\"},{\"@type\":\"ListItem\",\"position\":3,\"name\":\"Navalea &#8211; Premium Extra Virgin Olive Oil\"}]},{\"@type\":\"WebSite\",\"@id\":\"https:\/\/www.navalea.com\/#website\",\"url\":\"https:\/\/www.navalea.com\/\",\"name\":\"Navalea\",\"description\":\"\",\"publisher\":{\"@id\":\"https:\/\/www.navalea.com\/#organization\"},\"potentialAction\":[{\"@type\":\"SearchAction\",\"target\":{\"@type\":\"EntryPoint\",\"urlTemplate\":\"https:\/\/www.navalea.com\/?s={search_term_string}\"},\"query-input\":\"required name=search_term_string\"}],\"inLanguage\":\"en-US\"},{\"@type\":\"Organization\",\"@id\":\"https:\/\/www.navalea.com\/#organization\",\"name\":\"Navalea\",\"url\":\"https:\/\/www.navalea.com\/\",\"logo\":{\"@type\":\"ImageObject\",\"inLanguage\":\"en-US\",\"@id\":\"https:\/\/www.navalea.com\/#\/schema\/logo\/image\/\",\"url\":\"https:\/\/www.navalea.com\/wp-content\/uploads\/Navalea_logo.jpg\",\"contentUrl\":\"https:\/\/www.navalea.com\/wp-content\/uploads\/Navalea_logo.jpg\",\"width\":1345,\"height\":696,\"caption\":\"Navalea\"},\"image\":{\"@id\":\"https:\/\/www.navalea.com\/#\/schema\/logo\/image\/\"},\"sameAs\":[\"https:\/\/www.facebook.com\/NavaleaGreece\/\",\"https:\/\/www.instagram.com\/navalea_oliveoil\/\"]}]}<\/script>\n<!-- \/ Yoast SEO plugin. -->","yoast_head_json":{"title":"Online Shop - Premium Extra Natives Oliven\u00f6l - Navalea","description":"Premium Oliven\u00f6l aus Griechenland. Erste G\u00fcteklasse. 100% Koroneiki. Kaltextraktion aus Messinien, Griechenland. Hier im Online Shop!","robots":{"index":"index","follow":"follow","max-snippet":"max-snippet:-1","max-image-preview":"max-image-preview:large","max-video-preview":"max-video-preview:-1"},"canonical":"https:\/\/www.navalea.com\/produkt\/navalea-premium-extra-virgin-olive-oil-online-shop\/","og_locale":"en_US","og_type":"article","og_title":"Online Shop - Premium Extra Natives Oliven\u00f6l - Navalea","og_description":"Premium Oliven\u00f6l aus Griechenland. Erste G\u00fcteklasse. 100% Koroneiki. Kaltextraktion aus Messinien, Griechenland. Hier im Online Shop!","og_url":"https:\/\/www.navalea.com\/produkt\/navalea-premium-extra-virgin-olive-oil-online-shop\/","og_site_name":"Navalea","article_publisher":"https:\/\/www.facebook.com\/NavaleaGreece\/","article_modified_time":"2024-06-30T09:33:28+00:00","og_image":[{"width":4000,"height":4352,"url":"https:\/\/www.navalea.com\/wp-content\/uploads\/navalea-oliven\u00f6l-premium-shop.jpg","type":"image\/jpeg"}],"twitter_card":"summary_large_image","twitter_misc":{"Est. reading time":"1 minute"},"schema":{"@context":"https:\/\/schema.org","@graph":[{"@type":"WebPage","@id":"https:\/\/www.navalea.com\/produkt\/navalea-premium-extra-virgin-olive-oil-online-shop\/","url":"https:\/\/www.navalea.com\/produkt\/navalea-premium-extra-virgin-olive-oil-online-shop\/","name":"Online Shop - Premium Extra Natives Oliven\u00f6l - Navalea","isPartOf":{"@id":"https:\/\/www.navalea.com\/#website"},"datePublished":"2019-02-27T17:25:34+00:00","dateModified":"2024-06-30T09:33:28+00:00","description":"Premium Oliven\u00f6l aus Griechenland. Erste G\u00fcteklasse. 100% Koroneiki. Kaltextraktion aus Messinien, Griechenland. Hier im Online Shop!","breadcrumb":{"@id":"https:\/\/www.navalea.com\/produkt\/navalea-premium-extra-virgin-olive-oil-online-shop\/#breadcrumb"},"inLanguage":"en-US","potentialAction":[{"@type":"ReadAction","target":["https:\/\/www.navalea.com\/produkt\/navalea-premium-extra-virgin-olive-oil-online-shop\/"]}]},{"@type":"BreadcrumbList","@id":"https:\/\/www.navalea.com\/produkt\/navalea-premium-extra-virgin-olive-oil-online-shop\/#breadcrumb","itemListElement":[{"@type":"ListItem","position":1,"name":"Home","item":"https:\/\/www.navalea.com\/en\/"},{"@type":"ListItem","position":2,"name":"Shop","item":"https:\/\/www.navalea.com\/shop\/"},{"@type":"ListItem","position":3,"name":"Navalea &#8211; Premium Extra Virgin Olive Oil"}]},{"@type":"WebSite","@id":"https:\/\/www.navalea.com\/#website","url":"https:\/\/www.navalea.com\/","name":"Navalea","description":"","publisher":{"@id":"https:\/\/www.navalea.com\/#organization"},"potentialAction":[{"@type":"SearchAction","target":{"@type":"EntryPoint","urlTemplate":"https:\/\/www.navalea.com\/?s={search_term_string}"},"query-input":"required name=search_term_string"}],"inLanguage":"en-US"},{"@type":"Organization","@id":"https:\/\/www.navalea.com\/#organization","name":"Navalea","url":"https:\/\/www.navalea.com\/","logo":{"@type":"ImageObject","inLanguage":"en-US","@id":"https:\/\/www.navalea.com\/#\/schema\/logo\/image\/","url":"https:\/\/www.navalea.com\/wp-content\/uploads\/Navalea_logo.jpg","contentUrl":"https:\/\/www.navalea.com\/wp-content\/uploads\/Navalea_logo.jpg","width":1345,"height":696,"caption":"Navalea"},"image":{"@id":"https:\/\/www.navalea.com\/#\/schema\/logo\/image\/"},"sameAs":["https:\/\/www.facebook.com\/NavaleaGreece\/","https:\/\/www.instagram.com\/navalea_oliveoil\/"]}]}},"_links":{"self":[{"href":"https:\/\/www.navalea.com\/en\/wp-json\/wp\/v2\/product\/1380","targetHints":{"allow":["GET"]}}],"collection":[{"href":"https:\/\/www.navalea.com\/en\/wp-json\/wp\/v2\/product"}],"about":[{"href":"https:\/\/www.navalea.com\/en\/wp-json\/wp\/v2\/types\/product"}],"wp:featuredmedia":[{"embeddable":true,"href":"https:\/\/www.navalea.com\/en\/wp-json\/wp\/v2\/media\/1696"}],"wp:attachment":[{"href":"https:\/\/www.navalea.com\/en\/wp-json\/wp\/v2\/media?parent=1380"}],"wp:term":[{"taxonomy":"product_cat","embeddable":true,"href":"https:\/\/www.navalea.com\/en\/wp-json\/wp\/v2\/product_cat?post=1380"},{"taxonomy":"product_tag","embeddable":true,"href":"https:\/\/www.navalea.com\/en\/wp-json\/wp\/v2\/product_tag?post=1380"}],"curies":[{"name":"wp","href":"https:\/\/api.w.org\/{rel}","templated":true}]}}